{"id":7138,"date":"2017-02-19T22:05:01","date_gmt":"2017-02-19T21:05:01","guid":{"rendered":"http:\/\/www.immamestre.com\/shop\/lamina-del-pais-dels-coixos-polos-opuestos\/"},"modified":"2021-08-03T10:33:17","modified_gmt":"2021-08-03T08:33:17","slug":"lamina-polos-opuestos","status":"publish","type":"product","link":"https:\/\/old.immamestre.com\/es\/producto\/lamina-polos-opuestos\/","title":{"rendered":"L\u00e1mina Polos opuestos"},"content":{"rendered":"<p>L\u00e1mina\u00a0con\u00a0la\u00a0vi\u00f1eta \u00abPolos opuestos\u00bb del webc\u00f3mic Del pa\u00eds dels coixos, para regalar\u00a0a quien m\u00e1s quieres o para autoregalarte (\u00bfPorqu\u00e9 no?).<\/p>\n<p>Impreso en papel estucado mate de 250gr, a una cara y firmado por delante.<\/p>\n<p>Tama\u00f1o: A4\u00a0(21\u00d729,7cm).<\/p>\n<p>No incluye marco.<\/p>\n<p>(Lee atentamente las <a href=\"http:\/\/www.immamestre.com\/condiciones-de-venta\/\">Condiciones de venta<\/a>).<\/p>\n","protected":false},"excerpt":{"rendered":"<p>L\u00e1mina formato A4 (21&#215;29,7cm)\u00a0apostando por el sentido del humor para recordarte, o recordarle a quien tu m\u00e1s quieras, que los sue\u00f1os hay vivirlos.<\/p>\n<p>(Lee atentamente las <a href=\"http:\/\/www.immamestre.com\/condiciones-de-venta\/\">Condiciones de venta<\/a>).<\/p>\n","protected":false},"featured_media":7104,"comment_status":"open","ping_status":"closed","template":"","meta":{"_et_pb_use_builder":"","_et_pb_old_content":"","_et_gb_content_width":"","_monsterinsights_skip_tracking":false,"_monsterinsights_sitenote_active":false,"_monsterinsights_sitenote_note":"","_monsterinsights_sitenote_category":0},"product_brand":[],"product_cat":[290],"product_tag":[],"class_list":{"0":"post-7138","1":"product","2":"type-product","3":"status-publish","4":"has-post-thumbnail","6":"product_cat-laminas","8":"first","9":"instock","10":"taxable","11":"shipping-taxable","12":"purchasable","13":"product-type-simple"},"yoast_head":"<!-- This site is optimized with the Yoast SEO plugin v26.1.1 - https:\/\/yoast.com\/wordpress\/plugins\/seo\/ -->\n<title>L\u00e1mina Polos opuestos - Imma Mestre | Ilustraci\u00f3n<\/title>\n<meta name=\"description\" content=\"L\u00e1mina formato A4 (21x29,7cm) apostando por el sentido del humor para recordarte, o recordarle a quien tu m\u00e1s quieras, que los sue\u00f1os hay vivirlos.\" \/>\n<meta name=\"robots\" content=\"index, follow, max-snippet:-1, max-image-preview:large, max-video-preview:-1\" \/>\n<link rel=\"canonical\" href=\"https:\/\/old.immamestre.com\/?post_type=product&p=7140\" \/>\n<meta property=\"og:locale\" content=\"es_ES\" \/>\n<meta property=\"og:type\" content=\"article\" \/>\n<meta property=\"og:title\" content=\"L\u00e1mina Polos opuestos - Imma Mestre | Ilustraci\u00f3n\" \/>\n<meta property=\"og:description\" content=\"L\u00e1mina formato A4 (21x29,7cm) apostando por el sentido del humor para recordarte, o recordarle a quien tu m\u00e1s quieras, que los sue\u00f1os hay vivirlos.\" \/>\n<meta property=\"og:url\" content=\"https:\/\/old.immamestre.com\/?post_type=product&amp;p=7140\" \/>\n<meta property=\"og:site_name\" content=\"Imma Mestre | Ilustraci\u00f3n\" \/>\n<meta property=\"article:modified_time\" content=\"2021-08-03T08:33:17+00:00\" \/>\n<meta property=\"og:image\" content=\"https:\/\/old.immamestre.com\/wp-content\/uploads\/2017\/02\/Herramientas_Trabajo_ImmaMestre.jpg\" \/>\n\t<meta property=\"og:image:width\" content=\"1080\" \/>\n\t<meta property=\"og:image:height\" content=\"1080\" \/>\n\t<meta property=\"og:image:type\" content=\"image\/jpeg\" \/>\n<script type=\"application\/ld+json\" class=\"yoast-schema-graph\">{\"@context\":\"https:\/\/schema.org\",\"@graph\":[{\"@type\":\"WebPage\",\"@id\":\"https:\/\/old.immamestre.com\/?post_type=product&p=7140\",\"url\":\"https:\/\/old.immamestre.com\/?post_type=product&p=7140\",\"name\":\"L\u00e1mina Polos opuestos - Imma Mestre | Ilustraci\u00f3n\",\"isPartOf\":{\"@id\":\"https:\/\/old.immamestre.com\/#website\"},\"primaryImageOfPage\":{\"@id\":\"https:\/\/old.immamestre.com\/?post_type=product&p=7140#primaryimage\"},\"image\":{\"@id\":\"https:\/\/old.immamestre.com\/?post_type=product&p=7140#primaryimage\"},\"thumbnailUrl\":\"https:\/\/old.immamestre.com\/wp-content\/uploads\/2017\/02\/Herramientas_Trabajo_ImmaMestre.jpg\",\"datePublished\":\"2017-02-19T21:05:01+00:00\",\"dateModified\":\"2021-08-03T08:33:17+00:00\",\"description\":\"L\u00e1mina formato A4 (21x29,7cm) apostando por el sentido del humor para recordarte, o recordarle a quien tu m\u00e1s quieras, que los sue\u00f1os hay vivirlos.\",\"breadcrumb\":{\"@id\":\"https:\/\/old.immamestre.com\/?post_type=product&p=7140#breadcrumb\"},\"inLanguage\":\"es\",\"potentialAction\":[{\"@type\":\"ReadAction\",\"target\":[\"https:\/\/old.immamestre.com\/?post_type=product&p=7140\"]}]},{\"@type\":\"ImageObject\",\"inLanguage\":\"es\",\"@id\":\"https:\/\/old.immamestre.com\/?post_type=product&p=7140#primaryimage\",\"url\":\"https:\/\/old.immamestre.com\/wp-content\/uploads\/2017\/02\/Herramientas_Trabajo_ImmaMestre.jpg\",\"contentUrl\":\"https:\/\/old.immamestre.com\/wp-content\/uploads\/2017\/02\/Herramientas_Trabajo_ImmaMestre.jpg\",\"width\":1080,\"height\":1080},{\"@type\":\"BreadcrumbList\",\"@id\":\"https:\/\/old.immamestre.com\/?post_type=product&p=7140#breadcrumb\",\"itemListElement\":[{\"@type\":\"ListItem\",\"position\":1,\"name\":\"Home\",\"item\":\"https:\/\/old.immamestre.com\/\"},{\"@type\":\"ListItem\",\"position\":2,\"name\":\"Tienda\",\"item\":\"https:\/\/old.immamestre.com\/botiga\/\"},{\"@type\":\"ListItem\",\"position\":3,\"name\":\"L\u00e1mina Polos opuestos\"}]},{\"@type\":\"WebSite\",\"@id\":\"https:\/\/old.immamestre.com\/#website\",\"url\":\"https:\/\/old.immamestre.com\/\",\"name\":\"Imma Mestre | Ilustraci\u00f3n\",\"description\":\"ilustraci\u00f3n\",\"publisher\":{\"@id\":\"https:\/\/old.immamestre.com\/#\/schema\/person\/f649c9039586af566b698906bc9da076\"},\"potentialAction\":[{\"@type\":\"SearchAction\",\"target\":{\"@type\":\"EntryPoint\",\"urlTemplate\":\"https:\/\/old.immamestre.com\/?s={search_term_string}\"},\"query-input\":{\"@type\":\"PropertyValueSpecification\",\"valueRequired\":true,\"valueName\":\"search_term_string\"}}],\"inLanguage\":\"es\"},{\"@type\":[\"Person\",\"Organization\"],\"@id\":\"https:\/\/old.immamestre.com\/#\/schema\/person\/f649c9039586af566b698906bc9da076\",\"name\":\"Imma Mestre\",\"image\":{\"@type\":\"ImageObject\",\"inLanguage\":\"es\",\"@id\":\"https:\/\/old.immamestre.com\/#\/schema\/person\/image\/\",\"url\":\"https:\/\/secure.gravatar.com\/avatar\/fe9530742331fb8e4cb4de875d82303426947d472e41eb783b6dc62694aa6aff?s=96&d=mm&r=g\",\"contentUrl\":\"https:\/\/secure.gravatar.com\/avatar\/fe9530742331fb8e4cb4de875d82303426947d472e41eb783b6dc62694aa6aff?s=96&d=mm&r=g\",\"caption\":\"Imma Mestre\"},\"logo\":{\"@id\":\"https:\/\/old.immamestre.com\/#\/schema\/person\/image\/\"},\"description\":\"Hola soy Imma. Ilustradora. Hablo a trav\u00e9s de ilustraciones. Dame un l\u00e1piz y pinto tu mundo con historias ilustradas que te har\u00e1n despuntar.\",\"sameAs\":[\"https:\/\/www.immamestre.com\"]}]}<\/script>\n<!-- \/ Yoast SEO plugin. -->","yoast_head_json":{"title":"L\u00e1mina Polos opuestos - Imma Mestre | Ilustraci\u00f3n","description":"L\u00e1mina formato A4 (21x29,7cm) apostando por el sentido del humor para recordarte, o recordarle a quien tu m\u00e1s quieras, que los sue\u00f1os hay vivirlos.","robots":{"index":"index","follow":"follow","max-snippet":"max-snippet:-1","max-image-preview":"max-image-preview:large","max-video-preview":"max-video-preview:-1"},"canonical":"https:\/\/old.immamestre.com\/?post_type=product&p=7140","og_locale":"es_ES","og_type":"article","og_title":"L\u00e1mina Polos opuestos - Imma Mestre | Ilustraci\u00f3n","og_description":"L\u00e1mina formato A4 (21x29,7cm) apostando por el sentido del humor para recordarte, o recordarle a quien tu m\u00e1s quieras, que los sue\u00f1os hay vivirlos.","og_url":"https:\/\/old.immamestre.com\/?post_type=product&p=7140","og_site_name":"Imma Mestre | Ilustraci\u00f3n","article_modified_time":"2021-08-03T08:33:17+00:00","og_image":[{"width":1080,"height":1080,"url":"https:\/\/old.immamestre.com\/wp-content\/uploads\/2017\/02\/Herramientas_Trabajo_ImmaMestre.jpg","type":"image\/jpeg"}],"schema":{"@context":"https:\/\/schema.org","@graph":[{"@type":"WebPage","@id":"https:\/\/old.immamestre.com\/?post_type=product&p=7140","url":"https:\/\/old.immamestre.com\/?post_type=product&p=7140","name":"L\u00e1mina Polos opuestos - Imma Mestre | Ilustraci\u00f3n","isPartOf":{"@id":"https:\/\/old.immamestre.com\/#website"},"primaryImageOfPage":{"@id":"https:\/\/old.immamestre.com\/?post_type=product&p=7140#primaryimage"},"image":{"@id":"https:\/\/old.immamestre.com\/?post_type=product&p=7140#primaryimage"},"thumbnailUrl":"https:\/\/old.immamestre.com\/wp-content\/uploads\/2017\/02\/Herramientas_Trabajo_ImmaMestre.jpg","datePublished":"2017-02-19T21:05:01+00:00","dateModified":"2021-08-03T08:33:17+00:00","description":"L\u00e1mina formato A4 (21x29,7cm) apostando por el sentido del humor para recordarte, o recordarle a quien tu m\u00e1s quieras, que los sue\u00f1os hay vivirlos.","breadcrumb":{"@id":"https:\/\/old.immamestre.com\/?post_type=product&p=7140#breadcrumb"},"inLanguage":"es","potentialAction":[{"@type":"ReadAction","target":["https:\/\/old.immamestre.com\/?post_type=product&p=7140"]}]},{"@type":"ImageObject","inLanguage":"es","@id":"https:\/\/old.immamestre.com\/?post_type=product&p=7140#primaryimage","url":"https:\/\/old.immamestre.com\/wp-content\/uploads\/2017\/02\/Herramientas_Trabajo_ImmaMestre.jpg","contentUrl":"https:\/\/old.immamestre.com\/wp-content\/uploads\/2017\/02\/Herramientas_Trabajo_ImmaMestre.jpg","width":1080,"height":1080},{"@type":"BreadcrumbList","@id":"https:\/\/old.immamestre.com\/?post_type=product&p=7140#breadcrumb","itemListElement":[{"@type":"ListItem","position":1,"name":"Home","item":"https:\/\/old.immamestre.com\/"},{"@type":"ListItem","position":2,"name":"Tienda","item":"https:\/\/old.immamestre.com\/botiga\/"},{"@type":"ListItem","position":3,"name":"L\u00e1mina Polos opuestos"}]},{"@type":"WebSite","@id":"https:\/\/old.immamestre.com\/#website","url":"https:\/\/old.immamestre.com\/","name":"Imma Mestre | Ilustraci\u00f3n","description":"ilustraci\u00f3n","publisher":{"@id":"https:\/\/old.immamestre.com\/#\/schema\/person\/f649c9039586af566b698906bc9da076"},"potentialAction":[{"@type":"SearchAction","target":{"@type":"EntryPoint","urlTemplate":"https:\/\/old.immamestre.com\/?s={search_term_string}"},"query-input":{"@type":"PropertyValueSpecification","valueRequired":true,"valueName":"search_term_string"}}],"inLanguage":"es"},{"@type":["Person","Organization"],"@id":"https:\/\/old.immamestre.com\/#\/schema\/person\/f649c9039586af566b698906bc9da076","name":"Imma Mestre","image":{"@type":"ImageObject","inLanguage":"es","@id":"https:\/\/old.immamestre.com\/#\/schema\/person\/image\/","url":"https:\/\/secure.gravatar.com\/avatar\/fe9530742331fb8e4cb4de875d82303426947d472e41eb783b6dc62694aa6aff?s=96&d=mm&r=g","contentUrl":"https:\/\/secure.gravatar.com\/avatar\/fe9530742331fb8e4cb4de875d82303426947d472e41eb783b6dc62694aa6aff?s=96&d=mm&r=g","caption":"Imma Mestre"},"logo":{"@id":"https:\/\/old.immamestre.com\/#\/schema\/person\/image\/"},"description":"Hola soy Imma. Ilustradora. Hablo a trav\u00e9s de ilustraciones. Dame un l\u00e1piz y pinto tu mundo con historias ilustradas que te har\u00e1n despuntar.","sameAs":["https:\/\/www.immamestre.com"]}]}},"_links":{"self":[{"href":"https:\/\/old.immamestre.com\/es\/wp-json\/wp\/v2\/product\/7138","targetHints":{"allow":["GET"]}}],"collection":[{"href":"https:\/\/old.immamestre.com\/es\/wp-json\/wp\/v2\/product"}],"about":[{"href":"https:\/\/old.immamestre.com\/es\/wp-json\/wp\/v2\/types\/product"}],"replies":[{"embeddable":true,"href":"https:\/\/old.immamestre.com\/es\/wp-json\/wp\/v2\/comments?post=7138"}],"wp:featuredmedia":[{"embeddable":true,"href":"https:\/\/old.immamestre.com\/es\/wp-json\/wp\/v2\/media\/7104"}],"wp:attachment":[{"href":"https:\/\/old.immamestre.com\/es\/wp-json\/wp\/v2\/media?parent=7138"}],"wp:term":[{"taxonomy":"product_brand","embeddable":true,"href":"https:\/\/old.immamestre.com\/es\/wp-json\/wp\/v2\/product_brand?post=7138"},{"taxonomy":"product_cat","embeddable":true,"href":"https:\/\/old.immamestre.com\/es\/wp-json\/wp\/v2\/product_cat?post=7138"},{"taxonomy":"product_tag","embeddable":true,"href":"https:\/\/old.immamestre.com\/es\/wp-json\/wp\/v2\/product_tag?post=7138"}],"curies":[{"name":"wp","href":"https:\/\/api.w.org\/{rel}","templated":true}]}}