{"id":13174,"date":"2021-11-28T18:18:57","date_gmt":"2021-11-28T17:18:57","guid":{"rendered":"https:\/\/www.immamestre.com\/?post_type=product&#038;p=13174"},"modified":"2023-02-13T21:37:57","modified_gmt":"2023-02-13T20:37:57","slug":"lamina-freddie-mercury","status":"publish","type":"product","link":"https:\/\/old.immamestre.com\/es\/producto\/lamina-freddie-mercury\/","title":{"rendered":"L\u00e1mina Freddie Mercury"},"content":{"rendered":"<p>Freddie Mercury es una de las leyendas del rock mundial de nuestros tiempos. Icono de toda una generaci\u00f3n, nos llena de energ\u00eda y empoderamiento con solo escucharlo. Su m\u00fasica y sus canciones junto a Queen son todo un s\u00edmbolo. \u00c9ste es mi humilde y sincero homenaje.<\/p>\n<p>Con esta l\u00e1mina quiero hacerte llegar toda su energ\u00eda para empoderarte. Canciones como <em>Friends will be friends, We are the champions,<\/em>\u00a0<em>The show must go on, The miracle o Bohemian Raphsody <\/em>son solo algunos de sus \u00e9xitos, pero tiene muchos m\u00e1s y con esta l\u00e1mina puedes rememorarlos.<\/p>\n<p>\u00c9sta l\u00e1mina Freddie Mercury quedar\u00e1 preciosa en cualquier rinc\u00f3n de tu casa: En el sal\u00f3n, en la cocina, en el ba\u00f1o, tu estudio, en tu habitaci\u00f3n, como cabecero&#8230;<\/p>\n<p>Disponible en tres tama\u00f1os:<\/p>\n<ul>\n<li>A3 (29,7x42cm)<\/li>\n<li>A4 (21\u00d729,7cm)<\/li>\n<li>A5 (14,85x21cm) .<\/li>\n<\/ul>\n<p>Impreso en papel ecol\u00f3gico estucado mate de 300gr, a una cara y firmado por delante, dentro del mismo dibujo<\/p>\n<p>No incluye marco.<\/p>\n<p>(Lee atentamente las\u00a0<a href=\"https:\/\/old.immamestre.com\/condiciones-de-venta\/\">Condiciones de venta<\/a>).<\/p>\n","protected":false},"excerpt":{"rendered":"<p>Freddie Mercury es una de las leyendas del rock mundial de nuestros tiempos. Icono de toda una generaci\u00f3n, nos llena de energ\u00eda y empoderamiento con solo escucharlo. Su m\u00fasica y sus canciones junto a Queen son todo un s\u00edmbolo. Con esta l\u00e1mina quiero rendirle homenaje y hacerte llegar toda su energ\u00eda para empoderarte y hacerte sentir que puedes con todo, porqu\u00e9 es as\u00ed. <em>The show must go on<\/em>.<\/p>\n<p>Puedes escoger el tama\u00f1o que quieras A3 (29,7x42cm), A4 (21\u00d729,7cm) y A5 (14,85x21cm).<\/p>\n","protected":false},"featured_media":13186,"comment_status":"open","ping_status":"closed","template":"","meta":{"_et_pb_use_builder":"","_et_pb_old_content":"","_et_gb_content_width":"","_monsterinsights_skip_tracking":false,"_monsterinsights_sitenote_active":false,"_monsterinsights_sitenote_note":"","_monsterinsights_sitenote_category":0},"product_brand":[],"product_cat":[290],"product_tag":[303],"class_list":{"0":"post-13174","1":"product","2":"type-product","3":"status-publish","4":"has-post-thumbnail","6":"product_cat-laminas","7":"product_tag-lamina","9":"first","10":"instock","11":"taxable","12":"shipping-taxable","13":"purchasable","14":"product-type-variable"},"yoast_head":"<!-- This site is optimized with the Yoast SEO plugin v26.1.1 - https:\/\/yoast.com\/wordpress\/plugins\/seo\/ -->\n<title>L\u00e1mina Freddie Mercury - Imma Mestre | Ilustraci\u00f3n<\/title>\n<meta name=\"robots\" content=\"index, follow, max-snippet:-1, max-image-preview:large, max-video-preview:-1\" \/>\n<link rel=\"canonical\" href=\"https:\/\/old.immamestre.com\/producto\/lamina-freddie-mercury\/\" \/>\n<meta property=\"og:locale\" content=\"es_ES\" \/>\n<meta property=\"og:type\" content=\"article\" \/>\n<meta property=\"og:title\" content=\"L\u00e1mina Freddie Mercury - Imma Mestre | Ilustraci\u00f3n\" \/>\n<meta property=\"og:description\" content=\"Freddie Mercury es una de las leyendas del rock mundial de nuestros tiempos. Icono de toda una generaci\u00f3n, nos llena de energ\u00eda y empoderamiento con solo escucharlo. Su m\u00fasica y sus canciones junto a Queen son todo un s\u00edmbolo. Con esta l\u00e1mina quiero rendirle homenaje y hacerte llegar toda su energ\u00eda para empoderarte y hacerte sentir que puedes con todo, porqu\u00e9 es as\u00ed. The show must go on.  Puedes escoger el tama\u00f1o que quieras A3 (29,7x42cm), A4 (21\u00d729,7cm) y A5 (14,85x21cm).\" \/>\n<meta property=\"og:url\" content=\"https:\/\/old.immamestre.com\/producto\/lamina-freddie-mercury\/\" \/>\n<meta property=\"og:site_name\" content=\"Imma Mestre | Ilustraci\u00f3n\" \/>\n<meta property=\"article:modified_time\" content=\"2023-02-13T20:37:57+00:00\" \/>\n<meta property=\"og:image\" content=\"https:\/\/old.immamestre.com\/wp-content\/uploads\/2021\/11\/4FD6CD59-75F0-4C90-AF5D-D6B406F7D187.jpeg\" \/>\n\t<meta property=\"og:image:width\" content=\"1080\" \/>\n\t<meta property=\"og:image:height\" content=\"1350\" \/>\n\t<meta property=\"og:image:type\" content=\"image\/jpeg\" \/>\n<meta name=\"twitter:label1\" content=\"Tiempo de lectura\" \/>\n\t<meta name=\"twitter:data1\" content=\"1 minuto\" \/>\n<script type=\"application\/ld+json\" class=\"yoast-schema-graph\">{\"@context\":\"https:\/\/schema.org\",\"@graph\":[{\"@type\":\"WebPage\",\"@id\":\"https:\/\/old.immamestre.com\/producto\/lamina-freddie-mercury\/\",\"url\":\"https:\/\/old.immamestre.com\/producto\/lamina-freddie-mercury\/\",\"name\":\"L\u00e1mina Freddie Mercury - Imma Mestre | Ilustraci\u00f3n\",\"isPartOf\":{\"@id\":\"https:\/\/old.immamestre.com\/#website\"},\"primaryImageOfPage\":{\"@id\":\"https:\/\/old.immamestre.com\/producto\/lamina-freddie-mercury\/#primaryimage\"},\"image\":{\"@id\":\"https:\/\/old.immamestre.com\/producto\/lamina-freddie-mercury\/#primaryimage\"},\"thumbnailUrl\":\"https:\/\/old.immamestre.com\/wp-content\/uploads\/2021\/11\/4FD6CD59-75F0-4C90-AF5D-D6B406F7D187.jpeg\",\"datePublished\":\"2021-11-28T17:18:57+00:00\",\"dateModified\":\"2023-02-13T20:37:57+00:00\",\"breadcrumb\":{\"@id\":\"https:\/\/old.immamestre.com\/producto\/lamina-freddie-mercury\/#breadcrumb\"},\"inLanguage\":\"es\",\"potentialAction\":[{\"@type\":\"ReadAction\",\"target\":[\"https:\/\/old.immamestre.com\/producto\/lamina-freddie-mercury\/\"]}]},{\"@type\":\"ImageObject\",\"inLanguage\":\"es\",\"@id\":\"https:\/\/old.immamestre.com\/producto\/lamina-freddie-mercury\/#primaryimage\",\"url\":\"https:\/\/old.immamestre.com\/wp-content\/uploads\/2021\/11\/4FD6CD59-75F0-4C90-AF5D-D6B406F7D187.jpeg\",\"contentUrl\":\"https:\/\/old.immamestre.com\/wp-content\/uploads\/2021\/11\/4FD6CD59-75F0-4C90-AF5D-D6B406F7D187.jpeg\",\"width\":1080,\"height\":1350},{\"@type\":\"BreadcrumbList\",\"@id\":\"https:\/\/old.immamestre.com\/producto\/lamina-freddie-mercury\/#breadcrumb\",\"itemListElement\":[{\"@type\":\"ListItem\",\"position\":1,\"name\":\"Home\",\"item\":\"https:\/\/old.immamestre.com\/\"},{\"@type\":\"ListItem\",\"position\":2,\"name\":\"Tienda\",\"item\":\"https:\/\/old.immamestre.com\/botiga\/\"},{\"@type\":\"ListItem\",\"position\":3,\"name\":\"L\u00e1mina Freddie Mercury\"}]},{\"@type\":\"WebSite\",\"@id\":\"https:\/\/old.immamestre.com\/#website\",\"url\":\"https:\/\/old.immamestre.com\/\",\"name\":\"Imma Mestre | Ilustraci\u00f3n\",\"description\":\"ilustraci\u00f3n\",\"publisher\":{\"@id\":\"https:\/\/old.immamestre.com\/#\/schema\/person\/f649c9039586af566b698906bc9da076\"},\"potentialAction\":[{\"@type\":\"SearchAction\",\"target\":{\"@type\":\"EntryPoint\",\"urlTemplate\":\"https:\/\/old.immamestre.com\/?s={search_term_string}\"},\"query-input\":{\"@type\":\"PropertyValueSpecification\",\"valueRequired\":true,\"valueName\":\"search_term_string\"}}],\"inLanguage\":\"es\"},{\"@type\":[\"Person\",\"Organization\"],\"@id\":\"https:\/\/old.immamestre.com\/#\/schema\/person\/f649c9039586af566b698906bc9da076\",\"name\":\"Imma Mestre\",\"image\":{\"@type\":\"ImageObject\",\"inLanguage\":\"es\",\"@id\":\"https:\/\/old.immamestre.com\/#\/schema\/person\/image\/\",\"url\":\"https:\/\/secure.gravatar.com\/avatar\/fe9530742331fb8e4cb4de875d82303426947d472e41eb783b6dc62694aa6aff?s=96&d=mm&r=g\",\"contentUrl\":\"https:\/\/secure.gravatar.com\/avatar\/fe9530742331fb8e4cb4de875d82303426947d472e41eb783b6dc62694aa6aff?s=96&d=mm&r=g\",\"caption\":\"Imma Mestre\"},\"logo\":{\"@id\":\"https:\/\/old.immamestre.com\/#\/schema\/person\/image\/\"},\"description\":\"Hola soy Imma. Ilustradora. Hablo a trav\u00e9s de ilustraciones. Dame un l\u00e1piz y pinto tu mundo con historias ilustradas que te har\u00e1n despuntar.\",\"sameAs\":[\"https:\/\/www.immamestre.com\"]}]}<\/script>\n<!-- \/ Yoast SEO plugin. -->","yoast_head_json":{"title":"L\u00e1mina Freddie Mercury - Imma Mestre | Ilustraci\u00f3n","robots":{"index":"index","follow":"follow","max-snippet":"max-snippet:-1","max-image-preview":"max-image-preview:large","max-video-preview":"max-video-preview:-1"},"canonical":"https:\/\/old.immamestre.com\/producto\/lamina-freddie-mercury\/","og_locale":"es_ES","og_type":"article","og_title":"L\u00e1mina Freddie Mercury - Imma Mestre | Ilustraci\u00f3n","og_description":"Freddie Mercury es una de las leyendas del rock mundial de nuestros tiempos. Icono de toda una generaci\u00f3n, nos llena de energ\u00eda y empoderamiento con solo escucharlo. Su m\u00fasica y sus canciones junto a Queen son todo un s\u00edmbolo. Con esta l\u00e1mina quiero rendirle homenaje y hacerte llegar toda su energ\u00eda para empoderarte y hacerte sentir que puedes con todo, porqu\u00e9 es as\u00ed. The show must go on.  Puedes escoger el tama\u00f1o que quieras A3 (29,7x42cm), A4 (21\u00d729,7cm) y A5 (14,85x21cm).","og_url":"https:\/\/old.immamestre.com\/producto\/lamina-freddie-mercury\/","og_site_name":"Imma Mestre | Ilustraci\u00f3n","article_modified_time":"2023-02-13T20:37:57+00:00","og_image":[{"width":1080,"height":1350,"url":"https:\/\/old.immamestre.com\/wp-content\/uploads\/2021\/11\/4FD6CD59-75F0-4C90-AF5D-D6B406F7D187.jpeg","type":"image\/jpeg"}],"twitter_misc":{"Tiempo de lectura":"1 minuto"},"schema":{"@context":"https:\/\/schema.org","@graph":[{"@type":"WebPage","@id":"https:\/\/old.immamestre.com\/producto\/lamina-freddie-mercury\/","url":"https:\/\/old.immamestre.com\/producto\/lamina-freddie-mercury\/","name":"L\u00e1mina Freddie Mercury - Imma Mestre | Ilustraci\u00f3n","isPartOf":{"@id":"https:\/\/old.immamestre.com\/#website"},"primaryImageOfPage":{"@id":"https:\/\/old.immamestre.com\/producto\/lamina-freddie-mercury\/#primaryimage"},"image":{"@id":"https:\/\/old.immamestre.com\/producto\/lamina-freddie-mercury\/#primaryimage"},"thumbnailUrl":"https:\/\/old.immamestre.com\/wp-content\/uploads\/2021\/11\/4FD6CD59-75F0-4C90-AF5D-D6B406F7D187.jpeg","datePublished":"2021-11-28T17:18:57+00:00","dateModified":"2023-02-13T20:37:57+00:00","breadcrumb":{"@id":"https:\/\/old.immamestre.com\/producto\/lamina-freddie-mercury\/#breadcrumb"},"inLanguage":"es","potentialAction":[{"@type":"ReadAction","target":["https:\/\/old.immamestre.com\/producto\/lamina-freddie-mercury\/"]}]},{"@type":"ImageObject","inLanguage":"es","@id":"https:\/\/old.immamestre.com\/producto\/lamina-freddie-mercury\/#primaryimage","url":"https:\/\/old.immamestre.com\/wp-content\/uploads\/2021\/11\/4FD6CD59-75F0-4C90-AF5D-D6B406F7D187.jpeg","contentUrl":"https:\/\/old.immamestre.com\/wp-content\/uploads\/2021\/11\/4FD6CD59-75F0-4C90-AF5D-D6B406F7D187.jpeg","width":1080,"height":1350},{"@type":"BreadcrumbList","@id":"https:\/\/old.immamestre.com\/producto\/lamina-freddie-mercury\/#breadcrumb","itemListElement":[{"@type":"ListItem","position":1,"name":"Home","item":"https:\/\/old.immamestre.com\/"},{"@type":"ListItem","position":2,"name":"Tienda","item":"https:\/\/old.immamestre.com\/botiga\/"},{"@type":"ListItem","position":3,"name":"L\u00e1mina Freddie Mercury"}]},{"@type":"WebSite","@id":"https:\/\/old.immamestre.com\/#website","url":"https:\/\/old.immamestre.com\/","name":"Imma Mestre | Ilustraci\u00f3n","description":"ilustraci\u00f3n","publisher":{"@id":"https:\/\/old.immamestre.com\/#\/schema\/person\/f649c9039586af566b698906bc9da076"},"potentialAction":[{"@type":"SearchAction","target":{"@type":"EntryPoint","urlTemplate":"https:\/\/old.immamestre.com\/?s={search_term_string}"},"query-input":{"@type":"PropertyValueSpecification","valueRequired":true,"valueName":"search_term_string"}}],"inLanguage":"es"},{"@type":["Person","Organization"],"@id":"https:\/\/old.immamestre.com\/#\/schema\/person\/f649c9039586af566b698906bc9da076","name":"Imma Mestre","image":{"@type":"ImageObject","inLanguage":"es","@id":"https:\/\/old.immamestre.com\/#\/schema\/person\/image\/","url":"https:\/\/secure.gravatar.com\/avatar\/fe9530742331fb8e4cb4de875d82303426947d472e41eb783b6dc62694aa6aff?s=96&d=mm&r=g","contentUrl":"https:\/\/secure.gravatar.com\/avatar\/fe9530742331fb8e4cb4de875d82303426947d472e41eb783b6dc62694aa6aff?s=96&d=mm&r=g","caption":"Imma Mestre"},"logo":{"@id":"https:\/\/old.immamestre.com\/#\/schema\/person\/image\/"},"description":"Hola soy Imma. Ilustradora. Hablo a trav\u00e9s de ilustraciones. Dame un l\u00e1piz y pinto tu mundo con historias ilustradas que te har\u00e1n despuntar.","sameAs":["https:\/\/www.immamestre.com"]}]}},"_links":{"self":[{"href":"https:\/\/old.immamestre.com\/es\/wp-json\/wp\/v2\/product\/13174","targetHints":{"allow":["GET"]}}],"collection":[{"href":"https:\/\/old.immamestre.com\/es\/wp-json\/wp\/v2\/product"}],"about":[{"href":"https:\/\/old.immamestre.com\/es\/wp-json\/wp\/v2\/types\/product"}],"replies":[{"embeddable":true,"href":"https:\/\/old.immamestre.com\/es\/wp-json\/wp\/v2\/comments?post=13174"}],"wp:featuredmedia":[{"embeddable":true,"href":"https:\/\/old.immamestre.com\/es\/wp-json\/wp\/v2\/media\/13186"}],"wp:attachment":[{"href":"https:\/\/old.immamestre.com\/es\/wp-json\/wp\/v2\/media?parent=13174"}],"wp:term":[{"taxonomy":"product_brand","embeddable":true,"href":"https:\/\/old.immamestre.com\/es\/wp-json\/wp\/v2\/product_brand?post=13174"},{"taxonomy":"product_cat","embeddable":true,"href":"https:\/\/old.immamestre.com\/es\/wp-json\/wp\/v2\/product_cat?post=13174"},{"taxonomy":"product_tag","embeddable":true,"href":"https:\/\/old.immamestre.com\/es\/wp-json\/wp\/v2\/product_tag?post=13174"}],"curies":[{"name":"wp","href":"https:\/\/api.w.org\/{rel}","templated":true}]}}