{"id":12911,"date":"2021-06-15T14:47:30","date_gmt":"2021-06-15T12:47:30","guid":{"rendered":"https:\/\/www.immamestre.com\/?post_type=product&#038;p=12911"},"modified":"2023-01-12T21:13:10","modified_gmt":"2023-01-12T20:13:10","slug":"camiseta-unisex-pajaro","status":"publish","type":"product","link":"https:\/\/old.immamestre.com\/es\/producto\/camiseta-unisex-pajaro\/","title":{"rendered":"Camiseta unisex \u00abLibre como un p\u00e1jaro\u00bb"},"content":{"rendered":"<p class=\"p1\"><span class=\"s1\"><strong>Tu car\u00e1cter y buen rollo sumados a tu personalidad alegre, de alma libre y coraz\u00f3n abierto.<\/strong> <\/span><\/p>\n<p class=\"p1\"><span class=\"s1\">No te gusta que te digan qu\u00e9 y c\u00f3mo debes actuar, por eso quieres ser simplemente tu. Diferenciarte y no ir a remolque. Viste c\u00f3modamente <strong>\u00a1Si\u00e9ntete libre!<\/strong> Libre y con alma, para tenerlo siempre presente cerca del coraz\u00f3n.<\/span><\/p>\n<p class=\"p3\"><strong>\u00bfC\u00f3mo es tu camiseta azul <em>Libre como un p\u00e1jaro<\/em>?<\/strong><\/p>\n<p class=\"p4\">De tacto suave y agradable.<\/p>\n<p>Color a escoger entre azul agua y burgundy. Intenso, alegre, seguro, vital.<\/p>\n<p>Algod\u00f3n 100% org\u00e1nico con certificado GOTS<\/p>\n<p class=\"p4\">Modelo unisex de cuello redondo<\/p>\n<p class=\"p4\"><u>Disponible en tallas S &#8211; L &#8211; XL<\/u><\/p>\n<p>Gu\u00eda de tallas:<\/p>\n<p><img loading=\"lazy\" decoding=\"async\" class=\"alignnone wp-image-12968\" src=\"https:\/\/old.immamestre.com\/wp-content\/uploads\/2021\/06\/2F9089E7-344D-49C1-8484-BCBB35E01CD7-620x448.jpeg\" alt=\"Gu\u00eda de las medidas de las tallas\" width=\"450\" height=\"325\" \/><\/p>\n<p>&nbsp;<\/p>\n<p><strong>\u2728 Ilustrada por mi con amor e ilusi\u00f3n. Estampada en Barcelona.\ud83d\udc95\u00bfC\u00f3mo lavarla?<\/strong><\/p>\n<p><img loading=\"lazy\" decoding=\"async\" class=\"wp-image-12964 size-medium\" src=\"https:\/\/old.immamestre.com\/wp-content\/uploads\/2021\/06\/2D7C0113-84DB-421B-B86C-89443F54721F-620x775.jpeg\" alt=\"como lavar tu camiseta\" width=\"620\" height=\"775\" \/><\/p>\n","protected":false},"excerpt":{"rendered":"<p class=\"p1\"><span class=\"s1\">Tu camiseta para sentirte libre como un p\u00e1jaro. Llevable tanto a diario como para aportar originalidad a cualquier quedada con amigos y compa\u00f1eros (urbanitas o de pueblo). Sin pretensiones, original, c\u00f3moda, creativa y alegre. \u00a1A tope de buen rollo!<\/span><\/p>\n<p class=\"p1\"><span class=\"s1\">Modelo unisex. Color a escoger entre azul agua y burgundy. Cuello redondo.<\/span><\/p>\n<p class=\"p1\"><span class=\"s1\">100% algod\u00f3n org\u00e1nico con certificado GOTS.<\/span><\/p>\n<p>Ilustrada por m\u00ed con amor e ilusi\u00f3n y estampada en Barcelona.<\/p>\n","protected":false},"featured_media":13052,"comment_status":"open","ping_status":"closed","template":"","meta":{"_et_pb_use_builder":"","_et_pb_old_content":"","_et_gb_content_width":"","_monsterinsights_skip_tracking":false,"_monsterinsights_sitenote_active":false,"_monsterinsights_sitenote_note":"","_monsterinsights_sitenote_category":0},"product_brand":[],"product_cat":[602,199],"product_tag":[],"class_list":{"0":"post-12911","1":"product","2":"type-product","3":"status-publish","4":"has-post-thumbnail","6":"product_cat-camisetas","7":"product_cat-textil","9":"first","10":"instock","11":"taxable","12":"shipping-taxable","13":"purchasable","14":"product-type-variable"},"yoast_head":"<!-- This site is optimized with the Yoast SEO plugin v26.1.1 - https:\/\/yoast.com\/wordpress\/plugins\/seo\/ -->\n<title>Camiseta unisex &quot;Libre como un p\u00e1jaro&quot; - Imma Mestre | Ilustraci\u00f3n<\/title>\n<meta name=\"robots\" content=\"index, follow, max-snippet:-1, max-image-preview:large, max-video-preview:-1\" \/>\n<link rel=\"canonical\" href=\"https:\/\/old.immamestre.com\/producto\/samarreta-unisex-ocell\/\" \/>\n<meta property=\"og:locale\" content=\"es_ES\" \/>\n<meta property=\"og:type\" content=\"article\" \/>\n<meta property=\"og:title\" content=\"Camiseta unisex &quot;Libre como un p\u00e1jaro&quot; - Imma Mestre | Ilustraci\u00f3n\" \/>\n<meta property=\"og:description\" content=\"Tu camiseta para sentirte libre como un p\u00e1jaro. Llevable tanto a diario como para aportar originalidad a cualquier quedada con amigos y compa\u00f1eros (urbanitas o de pueblo). Sin pretensiones, original, c\u00f3moda, creativa y alegre. \u00a1A tope de buen rollo! Modelo unisex. Color a escoger entre azul agua y burgundy. Cuello redondo. 100% algod\u00f3n org\u00e1nico con certificado GOTS. Ilustrada por m\u00ed con amor e ilusi\u00f3n y estampada en Barcelona.\" \/>\n<meta property=\"og:url\" content=\"https:\/\/old.immamestre.com\/producto\/samarreta-unisex-ocell\/\" \/>\n<meta property=\"og:site_name\" content=\"Imma Mestre | Ilustraci\u00f3n\" \/>\n<meta property=\"article:modified_time\" content=\"2023-01-12T20:13:10+00:00\" \/>\n<meta property=\"og:image\" content=\"https:\/\/old.immamestre.com\/wp-content\/uploads\/2021\/06\/72623F16-5A9A-47CC-A0FC-27BB54FAF60E.jpeg\" \/>\n\t<meta property=\"og:image:width\" content=\"1080\" \/>\n\t<meta property=\"og:image:height\" content=\"1350\" \/>\n\t<meta property=\"og:image:type\" content=\"image\/jpeg\" \/>\n<meta name=\"twitter:label1\" content=\"Tiempo de lectura\" \/>\n\t<meta name=\"twitter:data1\" content=\"1 minuto\" \/>\n<script type=\"application\/ld+json\" class=\"yoast-schema-graph\">{\"@context\":\"https:\/\/schema.org\",\"@graph\":[{\"@type\":\"WebPage\",\"@id\":\"https:\/\/old.immamestre.com\/producto\/samarreta-unisex-ocell\/\",\"url\":\"https:\/\/old.immamestre.com\/producto\/samarreta-unisex-ocell\/\",\"name\":\"Camiseta unisex \\\"Libre como un p\u00e1jaro\\\" - Imma Mestre | Ilustraci\u00f3n\",\"isPartOf\":{\"@id\":\"https:\/\/old.immamestre.com\/#website\"},\"primaryImageOfPage\":{\"@id\":\"https:\/\/old.immamestre.com\/producto\/samarreta-unisex-ocell\/#primaryimage\"},\"image\":{\"@id\":\"https:\/\/old.immamestre.com\/producto\/samarreta-unisex-ocell\/#primaryimage\"},\"thumbnailUrl\":\"https:\/\/old.immamestre.com\/wp-content\/uploads\/2021\/06\/72623F16-5A9A-47CC-A0FC-27BB54FAF60E.jpeg\",\"datePublished\":\"2021-06-15T12:47:30+00:00\",\"dateModified\":\"2023-01-12T20:13:10+00:00\",\"breadcrumb\":{\"@id\":\"https:\/\/old.immamestre.com\/producto\/samarreta-unisex-ocell\/#breadcrumb\"},\"inLanguage\":\"es\",\"potentialAction\":[{\"@type\":\"ReadAction\",\"target\":[\"https:\/\/old.immamestre.com\/producto\/samarreta-unisex-ocell\/\"]}]},{\"@type\":\"ImageObject\",\"inLanguage\":\"es\",\"@id\":\"https:\/\/old.immamestre.com\/producto\/samarreta-unisex-ocell\/#primaryimage\",\"url\":\"https:\/\/old.immamestre.com\/wp-content\/uploads\/2021\/06\/72623F16-5A9A-47CC-A0FC-27BB54FAF60E.jpeg\",\"contentUrl\":\"https:\/\/old.immamestre.com\/wp-content\/uploads\/2021\/06\/72623F16-5A9A-47CC-A0FC-27BB54FAF60E.jpeg\",\"width\":1080,\"height\":1350,\"caption\":\"camiseta unisex de cuello redondo y en diferentes tallas, en color azul y burgundy\"},{\"@type\":\"BreadcrumbList\",\"@id\":\"https:\/\/old.immamestre.com\/producto\/samarreta-unisex-ocell\/#breadcrumb\",\"itemListElement\":[{\"@type\":\"ListItem\",\"position\":1,\"name\":\"Home\",\"item\":\"https:\/\/old.immamestre.com\/\"},{\"@type\":\"ListItem\",\"position\":2,\"name\":\"Tienda\",\"item\":\"https:\/\/old.immamestre.com\/botiga\/\"},{\"@type\":\"ListItem\",\"position\":3,\"name\":\"Camiseta unisex &#8220;Libre como un p\u00e1jaro&#8221;\"}]},{\"@type\":\"WebSite\",\"@id\":\"https:\/\/old.immamestre.com\/#website\",\"url\":\"https:\/\/old.immamestre.com\/\",\"name\":\"Imma Mestre | Ilustraci\u00f3n\",\"description\":\"ilustraci\u00f3n\",\"publisher\":{\"@id\":\"https:\/\/old.immamestre.com\/#\/schema\/person\/f649c9039586af566b698906bc9da076\"},\"potentialAction\":[{\"@type\":\"SearchAction\",\"target\":{\"@type\":\"EntryPoint\",\"urlTemplate\":\"https:\/\/old.immamestre.com\/?s={search_term_string}\"},\"query-input\":{\"@type\":\"PropertyValueSpecification\",\"valueRequired\":true,\"valueName\":\"search_term_string\"}}],\"inLanguage\":\"es\"},{\"@type\":[\"Person\",\"Organization\"],\"@id\":\"https:\/\/old.immamestre.com\/#\/schema\/person\/f649c9039586af566b698906bc9da076\",\"name\":\"Imma Mestre\",\"image\":{\"@type\":\"ImageObject\",\"inLanguage\":\"es\",\"@id\":\"https:\/\/old.immamestre.com\/#\/schema\/person\/image\/\",\"url\":\"https:\/\/secure.gravatar.com\/avatar\/fe9530742331fb8e4cb4de875d82303426947d472e41eb783b6dc62694aa6aff?s=96&d=mm&r=g\",\"contentUrl\":\"https:\/\/secure.gravatar.com\/avatar\/fe9530742331fb8e4cb4de875d82303426947d472e41eb783b6dc62694aa6aff?s=96&d=mm&r=g\",\"caption\":\"Imma Mestre\"},\"logo\":{\"@id\":\"https:\/\/old.immamestre.com\/#\/schema\/person\/image\/\"},\"description\":\"Hola soy Imma. Ilustradora. Hablo a trav\u00e9s de ilustraciones. Dame un l\u00e1piz y pinto tu mundo con historias ilustradas que te har\u00e1n despuntar.\",\"sameAs\":[\"https:\/\/www.immamestre.com\"]}]}<\/script>\n<!-- \/ Yoast SEO plugin. -->","yoast_head_json":{"title":"Camiseta unisex \"Libre como un p\u00e1jaro\" - Imma Mestre | Ilustraci\u00f3n","robots":{"index":"index","follow":"follow","max-snippet":"max-snippet:-1","max-image-preview":"max-image-preview:large","max-video-preview":"max-video-preview:-1"},"canonical":"https:\/\/old.immamestre.com\/producto\/samarreta-unisex-ocell\/","og_locale":"es_ES","og_type":"article","og_title":"Camiseta unisex \"Libre como un p\u00e1jaro\" - Imma Mestre | Ilustraci\u00f3n","og_description":"Tu camiseta para sentirte libre como un p\u00e1jaro. Llevable tanto a diario como para aportar originalidad a cualquier quedada con amigos y compa\u00f1eros (urbanitas o de pueblo). Sin pretensiones, original, c\u00f3moda, creativa y alegre. \u00a1A tope de buen rollo! Modelo unisex. Color a escoger entre azul agua y burgundy. Cuello redondo. 100% algod\u00f3n org\u00e1nico con certificado GOTS. Ilustrada por m\u00ed con amor e ilusi\u00f3n y estampada en Barcelona.","og_url":"https:\/\/old.immamestre.com\/producto\/samarreta-unisex-ocell\/","og_site_name":"Imma Mestre | Ilustraci\u00f3n","article_modified_time":"2023-01-12T20:13:10+00:00","og_image":[{"width":1080,"height":1350,"url":"https:\/\/old.immamestre.com\/wp-content\/uploads\/2021\/06\/72623F16-5A9A-47CC-A0FC-27BB54FAF60E.jpeg","type":"image\/jpeg"}],"twitter_misc":{"Tiempo de lectura":"1 minuto"},"schema":{"@context":"https:\/\/schema.org","@graph":[{"@type":"WebPage","@id":"https:\/\/old.immamestre.com\/producto\/samarreta-unisex-ocell\/","url":"https:\/\/old.immamestre.com\/producto\/samarreta-unisex-ocell\/","name":"Camiseta unisex \"Libre como un p\u00e1jaro\" - Imma Mestre | Ilustraci\u00f3n","isPartOf":{"@id":"https:\/\/old.immamestre.com\/#website"},"primaryImageOfPage":{"@id":"https:\/\/old.immamestre.com\/producto\/samarreta-unisex-ocell\/#primaryimage"},"image":{"@id":"https:\/\/old.immamestre.com\/producto\/samarreta-unisex-ocell\/#primaryimage"},"thumbnailUrl":"https:\/\/old.immamestre.com\/wp-content\/uploads\/2021\/06\/72623F16-5A9A-47CC-A0FC-27BB54FAF60E.jpeg","datePublished":"2021-06-15T12:47:30+00:00","dateModified":"2023-01-12T20:13:10+00:00","breadcrumb":{"@id":"https:\/\/old.immamestre.com\/producto\/samarreta-unisex-ocell\/#breadcrumb"},"inLanguage":"es","potentialAction":[{"@type":"ReadAction","target":["https:\/\/old.immamestre.com\/producto\/samarreta-unisex-ocell\/"]}]},{"@type":"ImageObject","inLanguage":"es","@id":"https:\/\/old.immamestre.com\/producto\/samarreta-unisex-ocell\/#primaryimage","url":"https:\/\/old.immamestre.com\/wp-content\/uploads\/2021\/06\/72623F16-5A9A-47CC-A0FC-27BB54FAF60E.jpeg","contentUrl":"https:\/\/old.immamestre.com\/wp-content\/uploads\/2021\/06\/72623F16-5A9A-47CC-A0FC-27BB54FAF60E.jpeg","width":1080,"height":1350,"caption":"camiseta unisex de cuello redondo y en diferentes tallas, en color azul y burgundy"},{"@type":"BreadcrumbList","@id":"https:\/\/old.immamestre.com\/producto\/samarreta-unisex-ocell\/#breadcrumb","itemListElement":[{"@type":"ListItem","position":1,"name":"Home","item":"https:\/\/old.immamestre.com\/"},{"@type":"ListItem","position":2,"name":"Tienda","item":"https:\/\/old.immamestre.com\/botiga\/"},{"@type":"ListItem","position":3,"name":"Camiseta unisex &#8220;Libre como un p\u00e1jaro&#8221;"}]},{"@type":"WebSite","@id":"https:\/\/old.immamestre.com\/#website","url":"https:\/\/old.immamestre.com\/","name":"Imma Mestre | Ilustraci\u00f3n","description":"ilustraci\u00f3n","publisher":{"@id":"https:\/\/old.immamestre.com\/#\/schema\/person\/f649c9039586af566b698906bc9da076"},"potentialAction":[{"@type":"SearchAction","target":{"@type":"EntryPoint","urlTemplate":"https:\/\/old.immamestre.com\/?s={search_term_string}"},"query-input":{"@type":"PropertyValueSpecification","valueRequired":true,"valueName":"search_term_string"}}],"inLanguage":"es"},{"@type":["Person","Organization"],"@id":"https:\/\/old.immamestre.com\/#\/schema\/person\/f649c9039586af566b698906bc9da076","name":"Imma Mestre","image":{"@type":"ImageObject","inLanguage":"es","@id":"https:\/\/old.immamestre.com\/#\/schema\/person\/image\/","url":"https:\/\/secure.gravatar.com\/avatar\/fe9530742331fb8e4cb4de875d82303426947d472e41eb783b6dc62694aa6aff?s=96&d=mm&r=g","contentUrl":"https:\/\/secure.gravatar.com\/avatar\/fe9530742331fb8e4cb4de875d82303426947d472e41eb783b6dc62694aa6aff?s=96&d=mm&r=g","caption":"Imma Mestre"},"logo":{"@id":"https:\/\/old.immamestre.com\/#\/schema\/person\/image\/"},"description":"Hola soy Imma. Ilustradora. Hablo a trav\u00e9s de ilustraciones. Dame un l\u00e1piz y pinto tu mundo con historias ilustradas que te har\u00e1n despuntar.","sameAs":["https:\/\/www.immamestre.com"]}]}},"_links":{"self":[{"href":"https:\/\/old.immamestre.com\/es\/wp-json\/wp\/v2\/product\/12911","targetHints":{"allow":["GET"]}}],"collection":[{"href":"https:\/\/old.immamestre.com\/es\/wp-json\/wp\/v2\/product"}],"about":[{"href":"https:\/\/old.immamestre.com\/es\/wp-json\/wp\/v2\/types\/product"}],"replies":[{"embeddable":true,"href":"https:\/\/old.immamestre.com\/es\/wp-json\/wp\/v2\/comments?post=12911"}],"wp:featuredmedia":[{"embeddable":true,"href":"https:\/\/old.immamestre.com\/es\/wp-json\/wp\/v2\/media\/13052"}],"wp:attachment":[{"href":"https:\/\/old.immamestre.com\/es\/wp-json\/wp\/v2\/media?parent=12911"}],"wp:term":[{"taxonomy":"product_brand","embeddable":true,"href":"https:\/\/old.immamestre.com\/es\/wp-json\/wp\/v2\/product_brand?post=12911"},{"taxonomy":"product_cat","embeddable":true,"href":"https:\/\/old.immamestre.com\/es\/wp-json\/wp\/v2\/product_cat?post=12911"},{"taxonomy":"product_tag","embeddable":true,"href":"https:\/\/old.immamestre.com\/es\/wp-json\/wp\/v2\/product_tag?post=12911"}],"curies":[{"name":"wp","href":"https:\/\/api.w.org\/{rel}","templated":true}]}}