{"id":12907,"date":"2021-06-10T16:04:26","date_gmt":"2021-06-10T14:04:26","guid":{"rendered":"https:\/\/www.immamestre.com\/?post_type=product&#038;p=12907"},"modified":"2022-12-07T19:45:38","modified_gmt":"2022-12-07T18:45:38","slug":"registrador-de-habitos","status":"publish","type":"product","link":"https:\/\/old.immamestre.com\/es\/producto\/registrador-de-habitos\/","title":{"rendered":"Registrador de h\u00e1bitos"},"content":{"rendered":"<p class=\"p1\">Este registrador pretende que puedas controlar cualquier aspecto de tu vida o que te marques tus prop\u00f3sitos, retos u objetivos y registres cada una de las tareas que necesites para conseguirlos. Ap\u00fantalas y pinta de colores las casillas seg\u00fan las que hayas cumplido, las que no y las que tienes a medias o necesitas mejorar.<\/p>\n<p class=\"p1\">Con este m\u00e9todo, conseguir\u00e1s ver, de forma muy visual y de un solo vistazo, qu\u00e9 es en lo que fallas y cu\u00e1les son tus puntos fuertes. Decide r\u00e1pidamente qu\u00e9 h\u00e1bitos o aspectos de los que te has marcado necesitas mejorar y cu\u00e1les tienes ya adquiridos y puedes pasar a los siguientes objetivos. Se trata de conseguirlos poco a poco. Una vez que ya hayas adoptado alguno en tu forma de vida, puedes pasar al siguiente.<\/p>\n<p class=\"p1\">Registra lo que quieras seg\u00fan tus necesidades: Retos, trabajo, higiene personal, casa, limpieza, tiempo libre, aficiones\u2026<\/p>\n<p class=\"p1\">Con este registrador conseguir\u00e1s poco a poco todo lo que te propongas. Aprende a controlar tu vida y disfrutarla.<\/p>\n<p class=\"p1\"><strong><span class=\"s1\">Caracter\u00edsticas<\/span><\/strong><\/p>\n<p><span class=\"s1\">-Tama\u00f1o A6 (10x15cm)<\/span><\/p>\n<p class=\"p1\"><span class=\"s1\">-Encuadernado con dos grapas<\/span><\/p>\n<p class=\"p1\"><span class=\"s1\">-Tapa blanda con una ilustraci\u00f3n hecha para la ocasi\u00f3n con el objetivo de motivarte y hacerte m\u00e1s placentera y llevadero el hecho de registrar tus h\u00e1bitos para convertirte en qui\u00e9n quieres ser.<\/span><\/p>\n<p class=\"p1\"><span class=\"s1\">-P\u00e1ginas interiores en blanco con estructura pautada para que puedas registrar y planificar cada uno de tus objetivos y tareas.<\/span><\/p>\n<p><span class=\"s1\">&#8211; Incluye:<\/span><\/p>\n<ul>\n<li class=\"p1\"><span class=\"s1\">Organizador mensual para que ubiques cu\u00e1ndo quieres hacer cada uno de los aspectos que te marques<\/span><\/li>\n<li class=\"p1\"><span class=\"s1\">Cuadro registrador anual para que pintes del color que prefieras cada h\u00e1bito adquirido, por mejorar o que necesita refuerzo.<\/span><\/li>\n<li class=\"p1\"><span class=\"s1\">Hojas de puntos para anotar ideas, sugerencias, materiales que necesitas, lista de la compra\u2026<\/span><\/li>\n<\/ul>\n<p>&nbsp;<\/p>\n<p><strong>\u00bfC\u00f3mo funciona?<\/strong><\/p>\n<ul>\n<li><strong>Gu\u00e1rdate un tiempo<\/strong> para dedicarle <strong>a cada prop\u00f3sito<\/strong> que quieras conseguir y <strong>ub\u00edcalo en el planificador mensual.<\/strong><\/li>\n<li><strong>Pinta<\/strong> de diferentes colores los prop\u00f3sitos que te hayas marcado <strong>seg\u00fan si los has conseguido, no conseguido o si los que has hecho a medias.<\/strong> Para ello, ver\u00e1s en cada espacio destinado a los prop\u00f3sitos, 12 filas que corresponden a los 12 meses y 31 columnas, correspondientes a cada d\u00eda del mes. All\u00ed es donde pintar\u00e1s el estado de tus prop\u00f3sitos o tareas.<\/li>\n<li><strong>Eval\u00faa cada prop\u00f3sito.<\/strong> En la \u00faltima casilla de cada fila, puedes pintarla seg\u00fan el color m\u00e1s frecuente que hayas conseguido y sacar conclusiones. Si has pintado la casilla de color verde= \u00a1prop\u00f3sito conseguido! Has adquirido un nuevo h\u00e1bito. Si es de color rojo, deber\u00e1s seguir trabajando. Si es amarillo, debes esforzarte m\u00e1s, pero ya te queda menos por conseguirlo.<\/li>\n<\/ul>\n<p><span style=\"color: #ff9900;\">Ejemplo 1:<\/span> si te marcaste el prop\u00f3sito de dormir 8h seguidas entre semana, si consigues dormirlas, pinta la casilla de color verde. Si solo duermes 5h o 6 h, p\u00edntala de color rojo porqu\u00e9 dista mucho de lo que te propusiste, pero en cambio si duermes 7h, no es lo que te hab\u00edas marcado, pero no est\u00e1 mal y puedes pintarla de color amarillo para darte cuenta que necesitas mejorarlo. Al final del mes, puedes contar cuantas casillas pintaste de cada color y el color ganador es el que te indicar\u00e1 el estado de tu prop\u00f3sito.<\/p>\n<p><span style=\"color: #ff9900;\">Ejemplo 2:<\/span> el registrador de h\u00e1bitos es muy \u00fatil tambi\u00e9n para controlar cu\u00e1ndo te viene la regla. El d\u00eda que te venga, pinta la casilla de ese d\u00eda del mes, del color que quieras. Al cabo del a\u00f1o, podr\u00e1s ver de un solo vistazo si eres regular o no y podr\u00e1s saber cada cu\u00e1ndo te viene y c\u00f3mo son tus ciclos.<\/p>\n<p>&nbsp;<\/p>\n<p>&nbsp;<\/p>\n","protected":false},"excerpt":{"rendered":"<p class=\"p1\">Registrador de h\u00e1bitos para conseguir objetivos o registrar cualquier aspecto rutinario de tu vida. Aprende a dominar tu propio tiempo para tomar el control de tu vida y disfrutarla.<\/p>\n<p class=\"p1\"><span class=\"s1\">En el d\u00eda a d\u00eda hay muchas cosas por hacer e igual ahora mismo est\u00e1s pensando que no te da tiempo a organizarte con todo. \u00bfEs as\u00ed?<\/span><\/p>\n<p class=\"p1\">Este registrador pretende ayudarte a conseguir tus objetivos oa conocerte m\u00e1s registrando cada una de las tareas o aspectos de tu vida, de forma muy visual y sencilla. Te resultar\u00e1 pr\u00e1ctico, divertido y sobre todo asumible.<\/p>\n","protected":false},"featured_media":13054,"comment_status":"open","ping_status":"closed","template":"","meta":{"_et_pb_use_builder":"","_et_pb_old_content":"","_et_gb_content_width":"","_monsterinsights_skip_tracking":false,"_monsterinsights_sitenote_active":false,"_monsterinsights_sitenote_note":"","_monsterinsights_sitenote_category":0},"product_brand":[],"product_cat":[596,200],"product_tag":[],"class_list":{"0":"post-12907","1":"product","2":"type-product","3":"status-publish","4":"has-post-thumbnail","6":"product_cat-organizador","7":"product_cat-papel","9":"first","10":"instock","11":"taxable","12":"shipping-taxable","13":"purchasable","14":"product-type-simple"},"yoast_head":"<!-- This site is optimized with the Yoast SEO plugin v26.1.1 - https:\/\/yoast.com\/wordpress\/plugins\/seo\/ -->\n<title>Registrador de h\u00e1bitos - Imma Mestre | Ilustraci\u00f3n<\/title>\n<meta name=\"robots\" content=\"index, follow, max-snippet:-1, max-image-preview:large, max-video-preview:-1\" \/>\n<link rel=\"canonical\" href=\"https:\/\/old.immamestre.com\/producto\/registrador-habits\/\" \/>\n<meta property=\"og:locale\" content=\"es_ES\" \/>\n<meta property=\"og:type\" content=\"article\" \/>\n<meta property=\"og:title\" content=\"Registrador de h\u00e1bitos - Imma Mestre | Ilustraci\u00f3n\" \/>\n<meta property=\"og:description\" content=\"Registrador de h\u00e1bitos para conseguir objetivos o registrar cualquier aspecto rutinario de tu vida. Aprende a dominar tu propio tiempo para tomar el control de tu vida y disfrutarla. En el d\u00eda a d\u00eda hay muchas cosas por hacer e igual ahora mismo est\u00e1s pensando que no te da tiempo a organizarte con todo. \u00bfEs as\u00ed? Este registrador pretende ayudarte a conseguir tus objetivos oa conocerte m\u00e1s registrando cada una de las tareas o aspectos de tu vida, de forma muy visual y sencilla. Te resultar\u00e1 pr\u00e1ctico, divertido y sobre todo asumible.\" \/>\n<meta property=\"og:url\" content=\"https:\/\/old.immamestre.com\/producto\/registrador-habits\/\" \/>\n<meta property=\"og:site_name\" content=\"Imma Mestre | Ilustraci\u00f3n\" \/>\n<meta property=\"article:modified_time\" content=\"2022-12-07T18:45:38+00:00\" \/>\n<meta property=\"og:image\" content=\"https:\/\/old.immamestre.com\/wp-content\/uploads\/2021\/06\/07176666-F9C6-4245-A39D-493FB3315618.jpeg\" \/>\n\t<meta property=\"og:image:width\" content=\"1080\" \/>\n\t<meta property=\"og:image:height\" content=\"1350\" \/>\n\t<meta property=\"og:image:type\" content=\"image\/jpeg\" \/>\n<meta name=\"twitter:label1\" content=\"Tiempo de lectura\" \/>\n\t<meta name=\"twitter:data1\" content=\"4 minutos\" \/>\n<script type=\"application\/ld+json\" class=\"yoast-schema-graph\">{\"@context\":\"https:\/\/schema.org\",\"@graph\":[{\"@type\":\"WebPage\",\"@id\":\"https:\/\/old.immamestre.com\/producto\/registrador-habits\/\",\"url\":\"https:\/\/old.immamestre.com\/producto\/registrador-habits\/\",\"name\":\"Registrador de h\u00e1bitos - Imma Mestre | Ilustraci\u00f3n\",\"isPartOf\":{\"@id\":\"https:\/\/old.immamestre.com\/#website\"},\"primaryImageOfPage\":{\"@id\":\"https:\/\/old.immamestre.com\/producto\/registrador-habits\/#primaryimage\"},\"image\":{\"@id\":\"https:\/\/old.immamestre.com\/producto\/registrador-habits\/#primaryimage\"},\"thumbnailUrl\":\"https:\/\/old.immamestre.com\/wp-content\/uploads\/2021\/06\/07176666-F9C6-4245-A39D-493FB3315618.jpeg\",\"datePublished\":\"2021-06-10T14:04:26+00:00\",\"dateModified\":\"2022-12-07T18:45:38+00:00\",\"breadcrumb\":{\"@id\":\"https:\/\/old.immamestre.com\/producto\/registrador-habits\/#breadcrumb\"},\"inLanguage\":\"es\",\"potentialAction\":[{\"@type\":\"ReadAction\",\"target\":[\"https:\/\/old.immamestre.com\/producto\/registrador-habits\/\"]}]},{\"@type\":\"ImageObject\",\"inLanguage\":\"es\",\"@id\":\"https:\/\/old.immamestre.com\/producto\/registrador-habits\/#primaryimage\",\"url\":\"https:\/\/old.immamestre.com\/wp-content\/uploads\/2021\/06\/07176666-F9C6-4245-A39D-493FB3315618.jpeg\",\"contentUrl\":\"https:\/\/old.immamestre.com\/wp-content\/uploads\/2021\/06\/07176666-F9C6-4245-A39D-493FB3315618.jpeg\",\"width\":1080,\"height\":1350,\"caption\":\"portada libreta registradora de h\u00e1bitos\"},{\"@type\":\"BreadcrumbList\",\"@id\":\"https:\/\/old.immamestre.com\/producto\/registrador-habits\/#breadcrumb\",\"itemListElement\":[{\"@type\":\"ListItem\",\"position\":1,\"name\":\"Home\",\"item\":\"https:\/\/old.immamestre.com\/\"},{\"@type\":\"ListItem\",\"position\":2,\"name\":\"Tienda\",\"item\":\"https:\/\/old.immamestre.com\/botiga\/\"},{\"@type\":\"ListItem\",\"position\":3,\"name\":\"Registrador de h\u00e1bitos\"}]},{\"@type\":\"WebSite\",\"@id\":\"https:\/\/old.immamestre.com\/#website\",\"url\":\"https:\/\/old.immamestre.com\/\",\"name\":\"Imma Mestre | Ilustraci\u00f3n\",\"description\":\"ilustraci\u00f3n\",\"publisher\":{\"@id\":\"https:\/\/old.immamestre.com\/#\/schema\/person\/f649c9039586af566b698906bc9da076\"},\"potentialAction\":[{\"@type\":\"SearchAction\",\"target\":{\"@type\":\"EntryPoint\",\"urlTemplate\":\"https:\/\/old.immamestre.com\/?s={search_term_string}\"},\"query-input\":{\"@type\":\"PropertyValueSpecification\",\"valueRequired\":true,\"valueName\":\"search_term_string\"}}],\"inLanguage\":\"es\"},{\"@type\":[\"Person\",\"Organization\"],\"@id\":\"https:\/\/old.immamestre.com\/#\/schema\/person\/f649c9039586af566b698906bc9da076\",\"name\":\"Imma Mestre\",\"image\":{\"@type\":\"ImageObject\",\"inLanguage\":\"es\",\"@id\":\"https:\/\/old.immamestre.com\/#\/schema\/person\/image\/\",\"url\":\"https:\/\/secure.gravatar.com\/avatar\/fe9530742331fb8e4cb4de875d82303426947d472e41eb783b6dc62694aa6aff?s=96&d=mm&r=g\",\"contentUrl\":\"https:\/\/secure.gravatar.com\/avatar\/fe9530742331fb8e4cb4de875d82303426947d472e41eb783b6dc62694aa6aff?s=96&d=mm&r=g\",\"caption\":\"Imma Mestre\"},\"logo\":{\"@id\":\"https:\/\/old.immamestre.com\/#\/schema\/person\/image\/\"},\"description\":\"Hola soy Imma. Ilustradora. Hablo a trav\u00e9s de ilustraciones. Dame un l\u00e1piz y pinto tu mundo con historias ilustradas que te har\u00e1n despuntar.\",\"sameAs\":[\"https:\/\/www.immamestre.com\"]}]}<\/script>\n<!-- \/ Yoast SEO plugin. -->","yoast_head_json":{"title":"Registrador de h\u00e1bitos - Imma Mestre | Ilustraci\u00f3n","robots":{"index":"index","follow":"follow","max-snippet":"max-snippet:-1","max-image-preview":"max-image-preview:large","max-video-preview":"max-video-preview:-1"},"canonical":"https:\/\/old.immamestre.com\/producto\/registrador-habits\/","og_locale":"es_ES","og_type":"article","og_title":"Registrador de h\u00e1bitos - Imma Mestre | Ilustraci\u00f3n","og_description":"Registrador de h\u00e1bitos para conseguir objetivos o registrar cualquier aspecto rutinario de tu vida. Aprende a dominar tu propio tiempo para tomar el control de tu vida y disfrutarla. En el d\u00eda a d\u00eda hay muchas cosas por hacer e igual ahora mismo est\u00e1s pensando que no te da tiempo a organizarte con todo. \u00bfEs as\u00ed? Este registrador pretende ayudarte a conseguir tus objetivos oa conocerte m\u00e1s registrando cada una de las tareas o aspectos de tu vida, de forma muy visual y sencilla. Te resultar\u00e1 pr\u00e1ctico, divertido y sobre todo asumible.","og_url":"https:\/\/old.immamestre.com\/producto\/registrador-habits\/","og_site_name":"Imma Mestre | Ilustraci\u00f3n","article_modified_time":"2022-12-07T18:45:38+00:00","og_image":[{"width":1080,"height":1350,"url":"https:\/\/old.immamestre.com\/wp-content\/uploads\/2021\/06\/07176666-F9C6-4245-A39D-493FB3315618.jpeg","type":"image\/jpeg"}],"twitter_misc":{"Tiempo de lectura":"4 minutos"},"schema":{"@context":"https:\/\/schema.org","@graph":[{"@type":"WebPage","@id":"https:\/\/old.immamestre.com\/producto\/registrador-habits\/","url":"https:\/\/old.immamestre.com\/producto\/registrador-habits\/","name":"Registrador de h\u00e1bitos - Imma Mestre | Ilustraci\u00f3n","isPartOf":{"@id":"https:\/\/old.immamestre.com\/#website"},"primaryImageOfPage":{"@id":"https:\/\/old.immamestre.com\/producto\/registrador-habits\/#primaryimage"},"image":{"@id":"https:\/\/old.immamestre.com\/producto\/registrador-habits\/#primaryimage"},"thumbnailUrl":"https:\/\/old.immamestre.com\/wp-content\/uploads\/2021\/06\/07176666-F9C6-4245-A39D-493FB3315618.jpeg","datePublished":"2021-06-10T14:04:26+00:00","dateModified":"2022-12-07T18:45:38+00:00","breadcrumb":{"@id":"https:\/\/old.immamestre.com\/producto\/registrador-habits\/#breadcrumb"},"inLanguage":"es","potentialAction":[{"@type":"ReadAction","target":["https:\/\/old.immamestre.com\/producto\/registrador-habits\/"]}]},{"@type":"ImageObject","inLanguage":"es","@id":"https:\/\/old.immamestre.com\/producto\/registrador-habits\/#primaryimage","url":"https:\/\/old.immamestre.com\/wp-content\/uploads\/2021\/06\/07176666-F9C6-4245-A39D-493FB3315618.jpeg","contentUrl":"https:\/\/old.immamestre.com\/wp-content\/uploads\/2021\/06\/07176666-F9C6-4245-A39D-493FB3315618.jpeg","width":1080,"height":1350,"caption":"portada libreta registradora de h\u00e1bitos"},{"@type":"BreadcrumbList","@id":"https:\/\/old.immamestre.com\/producto\/registrador-habits\/#breadcrumb","itemListElement":[{"@type":"ListItem","position":1,"name":"Home","item":"https:\/\/old.immamestre.com\/"},{"@type":"ListItem","position":2,"name":"Tienda","item":"https:\/\/old.immamestre.com\/botiga\/"},{"@type":"ListItem","position":3,"name":"Registrador de h\u00e1bitos"}]},{"@type":"WebSite","@id":"https:\/\/old.immamestre.com\/#website","url":"https:\/\/old.immamestre.com\/","name":"Imma Mestre | Ilustraci\u00f3n","description":"ilustraci\u00f3n","publisher":{"@id":"https:\/\/old.immamestre.com\/#\/schema\/person\/f649c9039586af566b698906bc9da076"},"potentialAction":[{"@type":"SearchAction","target":{"@type":"EntryPoint","urlTemplate":"https:\/\/old.immamestre.com\/?s={search_term_string}"},"query-input":{"@type":"PropertyValueSpecification","valueRequired":true,"valueName":"search_term_string"}}],"inLanguage":"es"},{"@type":["Person","Organization"],"@id":"https:\/\/old.immamestre.com\/#\/schema\/person\/f649c9039586af566b698906bc9da076","name":"Imma Mestre","image":{"@type":"ImageObject","inLanguage":"es","@id":"https:\/\/old.immamestre.com\/#\/schema\/person\/image\/","url":"https:\/\/secure.gravatar.com\/avatar\/fe9530742331fb8e4cb4de875d82303426947d472e41eb783b6dc62694aa6aff?s=96&d=mm&r=g","contentUrl":"https:\/\/secure.gravatar.com\/avatar\/fe9530742331fb8e4cb4de875d82303426947d472e41eb783b6dc62694aa6aff?s=96&d=mm&r=g","caption":"Imma Mestre"},"logo":{"@id":"https:\/\/old.immamestre.com\/#\/schema\/person\/image\/"},"description":"Hola soy Imma. Ilustradora. Hablo a trav\u00e9s de ilustraciones. Dame un l\u00e1piz y pinto tu mundo con historias ilustradas que te har\u00e1n despuntar.","sameAs":["https:\/\/www.immamestre.com"]}]}},"_links":{"self":[{"href":"https:\/\/old.immamestre.com\/es\/wp-json\/wp\/v2\/product\/12907","targetHints":{"allow":["GET"]}}],"collection":[{"href":"https:\/\/old.immamestre.com\/es\/wp-json\/wp\/v2\/product"}],"about":[{"href":"https:\/\/old.immamestre.com\/es\/wp-json\/wp\/v2\/types\/product"}],"replies":[{"embeddable":true,"href":"https:\/\/old.immamestre.com\/es\/wp-json\/wp\/v2\/comments?post=12907"}],"wp:featuredmedia":[{"embeddable":true,"href":"https:\/\/old.immamestre.com\/es\/wp-json\/wp\/v2\/media\/13054"}],"wp:attachment":[{"href":"https:\/\/old.immamestre.com\/es\/wp-json\/wp\/v2\/media?parent=12907"}],"wp:term":[{"taxonomy":"product_brand","embeddable":true,"href":"https:\/\/old.immamestre.com\/es\/wp-json\/wp\/v2\/product_brand?post=12907"},{"taxonomy":"product_cat","embeddable":true,"href":"https:\/\/old.immamestre.com\/es\/wp-json\/wp\/v2\/product_cat?post=12907"},{"taxonomy":"product_tag","embeddable":true,"href":"https:\/\/old.immamestre.com\/es\/wp-json\/wp\/v2\/product_tag?post=12907"}],"curies":[{"name":"wp","href":"https:\/\/api.w.org\/{rel}","templated":true}]}}