{"id":12905,"date":"2021-06-10T15:04:42","date_gmt":"2021-06-10T13:04:42","guid":{"rendered":"https:\/\/www.immamestre.com\/?post_type=product&#038;p=12905"},"modified":"2023-01-12T19:40:47","modified_gmt":"2023-01-12T18:40:47","slug":"recetario","status":"publish","type":"product","link":"https:\/\/old.immamestre.com\/es\/producto\/recetario\/","title":{"rendered":"Recetario"},"content":{"rendered":"<p>Libreta para que puedas apuntar todas tus recetas sin que se te pase ning\u00fan detalle<\/p>\n<p class=\"p1\"><strong><span class=\"s1\">Caracter\u00edsticas<\/span><\/strong><\/p>\n<ul>\n<li class=\"p1\"><span class=\"s1\">Libreta de tapa dura para que sea resistente y pr\u00e1ctica <\/span><\/li>\n<li class=\"p1\"><span class=\"s1\">Con acabado en barn\u00edz mate, para que, a parte de ser bonita y de tacto suave, si se te ensucia en la cocina, puedas limpiarla con un pa\u00f1o h\u00famedo sin que se te estropee.<\/span><\/li>\n<li class=\"p1\"><span class=\"s1\">Tama\u00f1o A5 (14,85x21cm)<\/span><\/li>\n<li class=\"p1\"><span class=\"s1\">Encuadernado en espiral blanco por la parte superior para que no moleste al escribir las recetas<\/span><\/li>\n<li class=\"p1\"><span class=\"s1\">Espacio para 50 recetas<\/span><\/li>\n<li class=\"p1\"><span class=\"s1\">Hojas troqueladas para que puedas arrancar y guardar (o colgar) cada receta seg\u00fan tus prioridades y necesidades<\/span><\/li>\n<li class=\"p1\"><span class=\"s1\">Cada hoja tiene espacio para apuntar todo lo necesario de la receta:<\/span>\n<ul>\n<li class=\"p1\"><span class=\"s1\">Nombre de la receta<\/span><\/li>\n<li class=\"p1\"><span class=\"s1\">Para cu\u00e1ntas personas es<\/span><\/li>\n<li class=\"p1\"><span class=\"s1\">Categor\u00eda\/etiqueta (si es un primer plato o un segundo, si es plato de verduras, de carne,<span class=\"Apple-converted-space\">\u00a0 <\/span>si contiene gluten, huevos, lactosa, si es un postre\u2026)<\/span><\/li>\n<li class=\"p1\"><span class=\"s1\">El tiempo necesario (total, de preparaci\u00f3n y de cocci\u00f3n)<\/span><\/li>\n<li class=\"p1\"><span class=\"s1\">Los utensilios que necesitar\u00e1s<\/span><\/li>\n<li class=\"p1\"><span class=\"s1\">Qu\u00e9 ingredientes necesitas y sus proporciones<\/span><\/li>\n<li class=\"p1\"><span class=\"s1\">C\u00f3mo preparar la receta<\/span><\/li>\n<li class=\"p1\"><span class=\"s1\">Apartado de notas para recordar qu\u00e9 truquillo a\u00f1ades o qu\u00e9 variaci\u00f3n de la recetas original has aplicado, para que te quede un plato de triumfo.<\/span><\/li>\n<li class=\"p1\"><span class=\"s1\">Espacio para enganchar una foto del plato (o dibujarlo).<\/span><\/li>\n<\/ul>\n<\/li>\n<\/ul>\n<p class=\"p1\"><strong><span class=\"s1\">Extras<\/span><\/strong><\/p>\n<ul>\n<li class=\"p1\"><span class=\"s1\">Incluye una gu\u00eda ilustrada para que sepas qu\u00e9 puedes apuntar en cada apartado sin que se te pase nada por alto<\/span><\/li>\n<li class=\"p1\"><span class=\"s1\">Incluye un \u00edndice para que encuentras f\u00e1cilmente cada una de tus recetas<\/span><\/li>\n<li class=\"p1\"><span class=\"s1\">Incluye descargables para que puedas adaptar la libreta a tus necesidades. Desc\u00e1rgalos e impr\u00edmelos en casa o en una copister\u00eda, en cartulina de 300gr o superior:<\/span>\n<ul>\n<li><span class=\"s1\">Caja para guardar tus recetas<\/span><\/li>\n<li><span class=\"s1\">Separadores para clasificar tus recetas de la forma que te vaya mejor<\/span><\/li>\n<li><span class=\"s1\">Soporte para que puedas aguantar tu libreta abierta y consultar la receta mientras cocinas<\/span><\/li>\n<\/ul>\n<\/li>\n<\/ul>\n","protected":false},"excerpt":{"rendered":"<p class=\"p1\"><span class=\"s1\">Recetario para apuntar todas tus recetas y hacer que tus platos sean siempre deliciosos sin que se te olvide o escape nada. Deja apuntados cada uno de los aspectos que necesitas para ganar tranquilidad y confianza con tus habilidades culinarias. Convierte tu d\u00eda a d\u00eda en la mesa o las quedadas con amigos y familiares, eventos o fiestas, en un \u00e9xito para el paladar y los sentidos.<\/span><\/p>\n<p class=\"p1\"><span class=\"s1\">Incluye descargables para poder guardarla, apoyarla y poder seguir la receta mientras cocinas y clasificar las recetas como mejor te vaya.<\/span><\/p>\n","protected":false},"featured_media":13067,"comment_status":"open","ping_status":"closed","template":"","meta":{"_et_pb_use_builder":"","_et_pb_old_content":"","_et_gb_content_width":"","_monsterinsights_skip_tracking":false,"_monsterinsights_sitenote_active":false,"_monsterinsights_sitenote_note":"","_monsterinsights_sitenote_category":0},"product_brand":[],"product_cat":[370,596],"product_tag":[],"class_list":{"0":"post-12905","1":"product","2":"type-product","3":"status-publish","4":"has-post-thumbnail","6":"product_cat-libretas","7":"product_cat-organizador","9":"first","10":"instock","11":"taxable","12":"shipping-taxable","13":"purchasable","14":"product-type-simple"},"yoast_head":"<!-- This site is optimized with the Yoast SEO plugin v26.1.1 - https:\/\/yoast.com\/wordpress\/plugins\/seo\/ -->\n<title>Recetario - Imma Mestre | Ilustraci\u00f3n<\/title>\n<meta name=\"robots\" content=\"index, follow, max-snippet:-1, max-image-preview:large, max-video-preview:-1\" \/>\n<link rel=\"canonical\" href=\"https:\/\/old.immamestre.com\/es\/producto\/recetario\/\" \/>\n<meta property=\"og:locale\" content=\"es_ES\" \/>\n<meta property=\"og:type\" content=\"article\" \/>\n<meta property=\"og:title\" content=\"Recetario - Imma Mestre | Ilustraci\u00f3n\" \/>\n<meta property=\"og:description\" content=\"Recetario para apuntar todas tus recetas y hacer que tus platos sean siempre deliciosos sin que se te olvide o escape nada. Deja apuntados cada uno de los aspectos que necesitas para ganar tranquilidad y confianza con tus habilidades culinarias. Convierte tu d\u00eda a d\u00eda en la mesa o las quedadas con amigos y familiares, eventos o fiestas, en un \u00e9xito para el paladar y los sentidos. Incluye descargables para poder guardarla, apoyarla y poder seguir la receta mientras cocinas y clasificar las recetas como mejor te vaya.\" \/>\n<meta property=\"og:url\" content=\"https:\/\/old.immamestre.com\/es\/producto\/recetario\/\" \/>\n<meta property=\"og:site_name\" content=\"Imma Mestre | Ilustraci\u00f3n\" \/>\n<meta property=\"article:modified_time\" content=\"2023-01-12T18:40:47+00:00\" \/>\n<meta property=\"og:image\" content=\"https:\/\/old.immamestre.com\/wp-content\/uploads\/2021\/06\/3059042C-4BCD-41C0-8EF3-065221356FF8.jpeg\" \/>\n\t<meta property=\"og:image:width\" content=\"1080\" \/>\n\t<meta property=\"og:image:height\" content=\"1350\" \/>\n\t<meta property=\"og:image:type\" content=\"image\/jpeg\" \/>\n<meta name=\"twitter:label1\" content=\"Tiempo de lectura\" \/>\n\t<meta name=\"twitter:data1\" content=\"2 minutos\" \/>\n<script type=\"application\/ld+json\" class=\"yoast-schema-graph\">{\"@context\":\"https:\/\/schema.org\",\"@graph\":[{\"@type\":\"WebPage\",\"@id\":\"https:\/\/old.immamestre.com\/es\/producto\/recetario\/\",\"url\":\"https:\/\/old.immamestre.com\/es\/producto\/recetario\/\",\"name\":\"Recetario - Imma Mestre | Ilustraci\u00f3n\",\"isPartOf\":{\"@id\":\"https:\/\/old.immamestre.com\/#website\"},\"primaryImageOfPage\":{\"@id\":\"https:\/\/old.immamestre.com\/es\/producto\/recetario\/#primaryimage\"},\"image\":{\"@id\":\"https:\/\/old.immamestre.com\/es\/producto\/recetario\/#primaryimage\"},\"thumbnailUrl\":\"https:\/\/old.immamestre.com\/wp-content\/uploads\/2021\/06\/3059042C-4BCD-41C0-8EF3-065221356FF8.jpeg\",\"datePublished\":\"2021-06-10T13:04:42+00:00\",\"dateModified\":\"2023-01-12T18:40:47+00:00\",\"breadcrumb\":{\"@id\":\"https:\/\/old.immamestre.com\/es\/producto\/recetario\/#breadcrumb\"},\"inLanguage\":\"es\",\"potentialAction\":[{\"@type\":\"ReadAction\",\"target\":[\"https:\/\/old.immamestre.com\/es\/producto\/recetario\/\"]}]},{\"@type\":\"ImageObject\",\"inLanguage\":\"es\",\"@id\":\"https:\/\/old.immamestre.com\/es\/producto\/recetario\/#primaryimage\",\"url\":\"https:\/\/old.immamestre.com\/wp-content\/uploads\/2021\/06\/3059042C-4BCD-41C0-8EF3-065221356FF8.jpeg\",\"contentUrl\":\"https:\/\/old.immamestre.com\/wp-content\/uploads\/2021\/06\/3059042C-4BCD-41C0-8EF3-065221356FF8.jpeg\",\"width\":1080,\"height\":1350},{\"@type\":\"BreadcrumbList\",\"@id\":\"https:\/\/old.immamestre.com\/es\/producto\/recetario\/#breadcrumb\",\"itemListElement\":[{\"@type\":\"ListItem\",\"position\":1,\"name\":\"Home\",\"item\":\"https:\/\/old.immamestre.com\/\"},{\"@type\":\"ListItem\",\"position\":2,\"name\":\"Tienda\",\"item\":\"https:\/\/old.immamestre.com\/botiga\/\"},{\"@type\":\"ListItem\",\"position\":3,\"name\":\"Recetario\"}]},{\"@type\":\"WebSite\",\"@id\":\"https:\/\/old.immamestre.com\/#website\",\"url\":\"https:\/\/old.immamestre.com\/\",\"name\":\"Imma Mestre | Ilustraci\u00f3n\",\"description\":\"ilustraci\u00f3n\",\"publisher\":{\"@id\":\"https:\/\/old.immamestre.com\/#\/schema\/person\/f649c9039586af566b698906bc9da076\"},\"potentialAction\":[{\"@type\":\"SearchAction\",\"target\":{\"@type\":\"EntryPoint\",\"urlTemplate\":\"https:\/\/old.immamestre.com\/?s={search_term_string}\"},\"query-input\":{\"@type\":\"PropertyValueSpecification\",\"valueRequired\":true,\"valueName\":\"search_term_string\"}}],\"inLanguage\":\"es\"},{\"@type\":[\"Person\",\"Organization\"],\"@id\":\"https:\/\/old.immamestre.com\/#\/schema\/person\/f649c9039586af566b698906bc9da076\",\"name\":\"Imma Mestre\",\"image\":{\"@type\":\"ImageObject\",\"inLanguage\":\"es\",\"@id\":\"https:\/\/old.immamestre.com\/#\/schema\/person\/image\/\",\"url\":\"https:\/\/secure.gravatar.com\/avatar\/fe9530742331fb8e4cb4de875d82303426947d472e41eb783b6dc62694aa6aff?s=96&d=mm&r=g\",\"contentUrl\":\"https:\/\/secure.gravatar.com\/avatar\/fe9530742331fb8e4cb4de875d82303426947d472e41eb783b6dc62694aa6aff?s=96&d=mm&r=g\",\"caption\":\"Imma Mestre\"},\"logo\":{\"@id\":\"https:\/\/old.immamestre.com\/#\/schema\/person\/image\/\"},\"description\":\"Hola soy Imma. Ilustradora. Hablo a trav\u00e9s de ilustraciones. Dame un l\u00e1piz y pinto tu mundo con historias ilustradas que te har\u00e1n despuntar.\",\"sameAs\":[\"https:\/\/www.immamestre.com\"]}]}<\/script>\n<!-- \/ Yoast SEO plugin. -->","yoast_head_json":{"title":"Recetario - Imma Mestre | Ilustraci\u00f3n","robots":{"index":"index","follow":"follow","max-snippet":"max-snippet:-1","max-image-preview":"max-image-preview:large","max-video-preview":"max-video-preview:-1"},"canonical":"https:\/\/old.immamestre.com\/es\/producto\/recetario\/","og_locale":"es_ES","og_type":"article","og_title":"Recetario - Imma Mestre | Ilustraci\u00f3n","og_description":"Recetario para apuntar todas tus recetas y hacer que tus platos sean siempre deliciosos sin que se te olvide o escape nada. Deja apuntados cada uno de los aspectos que necesitas para ganar tranquilidad y confianza con tus habilidades culinarias. Convierte tu d\u00eda a d\u00eda en la mesa o las quedadas con amigos y familiares, eventos o fiestas, en un \u00e9xito para el paladar y los sentidos. Incluye descargables para poder guardarla, apoyarla y poder seguir la receta mientras cocinas y clasificar las recetas como mejor te vaya.","og_url":"https:\/\/old.immamestre.com\/es\/producto\/recetario\/","og_site_name":"Imma Mestre | Ilustraci\u00f3n","article_modified_time":"2023-01-12T18:40:47+00:00","og_image":[{"width":1080,"height":1350,"url":"https:\/\/old.immamestre.com\/wp-content\/uploads\/2021\/06\/3059042C-4BCD-41C0-8EF3-065221356FF8.jpeg","type":"image\/jpeg"}],"twitter_misc":{"Tiempo de lectura":"2 minutos"},"schema":{"@context":"https:\/\/schema.org","@graph":[{"@type":"WebPage","@id":"https:\/\/old.immamestre.com\/es\/producto\/recetario\/","url":"https:\/\/old.immamestre.com\/es\/producto\/recetario\/","name":"Recetario - Imma Mestre | Ilustraci\u00f3n","isPartOf":{"@id":"https:\/\/old.immamestre.com\/#website"},"primaryImageOfPage":{"@id":"https:\/\/old.immamestre.com\/es\/producto\/recetario\/#primaryimage"},"image":{"@id":"https:\/\/old.immamestre.com\/es\/producto\/recetario\/#primaryimage"},"thumbnailUrl":"https:\/\/old.immamestre.com\/wp-content\/uploads\/2021\/06\/3059042C-4BCD-41C0-8EF3-065221356FF8.jpeg","datePublished":"2021-06-10T13:04:42+00:00","dateModified":"2023-01-12T18:40:47+00:00","breadcrumb":{"@id":"https:\/\/old.immamestre.com\/es\/producto\/recetario\/#breadcrumb"},"inLanguage":"es","potentialAction":[{"@type":"ReadAction","target":["https:\/\/old.immamestre.com\/es\/producto\/recetario\/"]}]},{"@type":"ImageObject","inLanguage":"es","@id":"https:\/\/old.immamestre.com\/es\/producto\/recetario\/#primaryimage","url":"https:\/\/old.immamestre.com\/wp-content\/uploads\/2021\/06\/3059042C-4BCD-41C0-8EF3-065221356FF8.jpeg","contentUrl":"https:\/\/old.immamestre.com\/wp-content\/uploads\/2021\/06\/3059042C-4BCD-41C0-8EF3-065221356FF8.jpeg","width":1080,"height":1350},{"@type":"BreadcrumbList","@id":"https:\/\/old.immamestre.com\/es\/producto\/recetario\/#breadcrumb","itemListElement":[{"@type":"ListItem","position":1,"name":"Home","item":"https:\/\/old.immamestre.com\/"},{"@type":"ListItem","position":2,"name":"Tienda","item":"https:\/\/old.immamestre.com\/botiga\/"},{"@type":"ListItem","position":3,"name":"Recetario"}]},{"@type":"WebSite","@id":"https:\/\/old.immamestre.com\/#website","url":"https:\/\/old.immamestre.com\/","name":"Imma Mestre | Ilustraci\u00f3n","description":"ilustraci\u00f3n","publisher":{"@id":"https:\/\/old.immamestre.com\/#\/schema\/person\/f649c9039586af566b698906bc9da076"},"potentialAction":[{"@type":"SearchAction","target":{"@type":"EntryPoint","urlTemplate":"https:\/\/old.immamestre.com\/?s={search_term_string}"},"query-input":{"@type":"PropertyValueSpecification","valueRequired":true,"valueName":"search_term_string"}}],"inLanguage":"es"},{"@type":["Person","Organization"],"@id":"https:\/\/old.immamestre.com\/#\/schema\/person\/f649c9039586af566b698906bc9da076","name":"Imma Mestre","image":{"@type":"ImageObject","inLanguage":"es","@id":"https:\/\/old.immamestre.com\/#\/schema\/person\/image\/","url":"https:\/\/secure.gravatar.com\/avatar\/fe9530742331fb8e4cb4de875d82303426947d472e41eb783b6dc62694aa6aff?s=96&d=mm&r=g","contentUrl":"https:\/\/secure.gravatar.com\/avatar\/fe9530742331fb8e4cb4de875d82303426947d472e41eb783b6dc62694aa6aff?s=96&d=mm&r=g","caption":"Imma Mestre"},"logo":{"@id":"https:\/\/old.immamestre.com\/#\/schema\/person\/image\/"},"description":"Hola soy Imma. Ilustradora. Hablo a trav\u00e9s de ilustraciones. Dame un l\u00e1piz y pinto tu mundo con historias ilustradas que te har\u00e1n despuntar.","sameAs":["https:\/\/www.immamestre.com"]}]}},"_links":{"self":[{"href":"https:\/\/old.immamestre.com\/es\/wp-json\/wp\/v2\/product\/12905","targetHints":{"allow":["GET"]}}],"collection":[{"href":"https:\/\/old.immamestre.com\/es\/wp-json\/wp\/v2\/product"}],"about":[{"href":"https:\/\/old.immamestre.com\/es\/wp-json\/wp\/v2\/types\/product"}],"replies":[{"embeddable":true,"href":"https:\/\/old.immamestre.com\/es\/wp-json\/wp\/v2\/comments?post=12905"}],"wp:featuredmedia":[{"embeddable":true,"href":"https:\/\/old.immamestre.com\/es\/wp-json\/wp\/v2\/media\/13067"}],"wp:attachment":[{"href":"https:\/\/old.immamestre.com\/es\/wp-json\/wp\/v2\/media?parent=12905"}],"wp:term":[{"taxonomy":"product_brand","embeddable":true,"href":"https:\/\/old.immamestre.com\/es\/wp-json\/wp\/v2\/product_brand?post=12905"},{"taxonomy":"product_cat","embeddable":true,"href":"https:\/\/old.immamestre.com\/es\/wp-json\/wp\/v2\/product_cat?post=12905"},{"taxonomy":"product_tag","embeddable":true,"href":"https:\/\/old.immamestre.com\/es\/wp-json\/wp\/v2\/product_tag?post=12905"}],"curies":[{"name":"wp","href":"https:\/\/api.w.org\/{rel}","templated":true}]}}