{"id":12549,"date":"2020-08-15T22:20:59","date_gmt":"2020-08-15T20:20:59","guid":{"rendered":"https:\/\/www.immamestre.com\/?post_type=product&#038;p=12549"},"modified":"2023-01-12T19:27:05","modified_gmt":"2023-01-12T18:27:05","slug":"libreta-margaritas","status":"publish","type":"product","link":"https:\/\/old.immamestre.com\/es\/producto\/libreta-margaritas\/","title":{"rendered":"Libreta Margaritas"},"content":{"rendered":"<p>Formato: A5 (10,5 x 21cm)<\/p>\n<p>Encuadernado en espiral wir\u2019o negro de doble anilla<\/p>\n<p>Tapa r\u00fastica dura con acabado barn\u00edz mate ante frote, tanto en la portada como en la contraportada, para que no se marquen las huellas<\/p>\n<p>Interior: 100 hojas en blanco de 80gr, ideal para escribir o dibujar sin que traspase la tinta al otro laso de la p\u00e1gina. Lleva un peque\u00f1a ilustraci\u00f3n de estrellas en medio de la parte inferior de la p\u00e1gina para darte inspiraci\u00f3n y energ\u00eda.<\/p>\n<p>En la portada, ilustraci\u00f3n digital de una ni\u00f1a deshojando una margarita.<\/p>\n<p>La contraportada es lisa de color azul oscuro.<\/p>\n","protected":false},"excerpt":{"rendered":"<p>Escribo-dibujo-escribo-dibujo-escribo-dibujo. \u00bfQu\u00e9 es lo que te sale al deshojar la margarita? \u00bfTe ha respondido? Salga lo que te salga, te est\u00e1s regalando\u00a0tiempo para ti. Para mimarte, para planificarte, para sincerarte, para organizarte. \u00bfLo har\u00e1s dibujando o escribiendo? Con la libreta <em>Margaritas<\/em> tienes el espacio suficiente para todos tus prop\u00f3sitos.<\/p>\n","protected":false},"featured_media":12482,"comment_status":"open","ping_status":"closed","template":"","meta":{"_et_pb_use_builder":"","_et_pb_old_content":"","_et_gb_content_width":"","_monsterinsights_skip_tracking":false,"_monsterinsights_sitenote_active":false,"_monsterinsights_sitenote_note":"","_monsterinsights_sitenote_category":0},"product_brand":[],"product_cat":[370,200],"product_tag":[595],"class_list":{"0":"post-12549","1":"product","2":"type-product","3":"status-publish","4":"has-post-thumbnail","6":"product_cat-libretas","7":"product_cat-papel","8":"product_tag-libretas","10":"first","11":"instock","12":"taxable","13":"shipping-taxable","14":"purchasable","15":"product-type-simple"},"yoast_head":"<!-- This site is optimized with the Yoast SEO plugin v26.1.1 - https:\/\/yoast.com\/wordpress\/plugins\/seo\/ -->\n<title>Libreta Margaritas - Imma Mestre | Ilustraci\u00f3n<\/title>\n<meta name=\"robots\" content=\"index, follow, max-snippet:-1, max-image-preview:large, max-video-preview:-1\" \/>\n<link rel=\"canonical\" href=\"https:\/\/old.immamestre.com\/es\/producto\/libreta-margaritas\/\" \/>\n<meta property=\"og:locale\" content=\"es_ES\" \/>\n<meta property=\"og:type\" content=\"article\" \/>\n<meta property=\"og:title\" content=\"Libreta Margaritas - Imma Mestre | Ilustraci\u00f3n\" \/>\n<meta property=\"og:description\" content=\"Escribo-dibujo-escribo-dibujo-escribo-dibujo. \u00bfQu\u00e9 es lo que te sale al deshojar la margarita? \u00bfTe ha respondido? Salga lo que te salga, te est\u00e1s regalando\u00a0tiempo para ti. Para mimarte, para planificarte, para sincerarte, para organizarte. \u00bfLo har\u00e1s dibujando o escribiendo? Con la libreta Margaritas tienes el espacio suficiente para todos tus prop\u00f3sitos.\" \/>\n<meta property=\"og:url\" content=\"https:\/\/old.immamestre.com\/es\/producto\/libreta-margaritas\/\" \/>\n<meta property=\"og:site_name\" content=\"Imma Mestre | Ilustraci\u00f3n\" \/>\n<meta property=\"article:modified_time\" content=\"2023-01-12T18:27:05+00:00\" \/>\n<meta property=\"og:image\" content=\"https:\/\/old.immamestre.com\/wp-content\/uploads\/2020\/08\/58BE1029-D623-4FFD-A106-B7FDA095458D.jpeg\" \/>\n\t<meta property=\"og:image:width\" content=\"640\" \/>\n\t<meta property=\"og:image:height\" content=\"640\" \/>\n\t<meta property=\"og:image:type\" content=\"image\/jpeg\" \/>\n<meta name=\"twitter:label1\" content=\"Tiempo de lectura\" \/>\n\t<meta name=\"twitter:data1\" content=\"1 minuto\" \/>\n<script type=\"application\/ld+json\" class=\"yoast-schema-graph\">{\"@context\":\"https:\/\/schema.org\",\"@graph\":[{\"@type\":\"WebPage\",\"@id\":\"https:\/\/old.immamestre.com\/es\/producto\/libreta-margaritas\/\",\"url\":\"https:\/\/old.immamestre.com\/es\/producto\/libreta-margaritas\/\",\"name\":\"Libreta Margaritas - Imma Mestre | Ilustraci\u00f3n\",\"isPartOf\":{\"@id\":\"https:\/\/old.immamestre.com\/#website\"},\"primaryImageOfPage\":{\"@id\":\"https:\/\/old.immamestre.com\/es\/producto\/libreta-margaritas\/#primaryimage\"},\"image\":{\"@id\":\"https:\/\/old.immamestre.com\/es\/producto\/libreta-margaritas\/#primaryimage\"},\"thumbnailUrl\":\"https:\/\/old.immamestre.com\/wp-content\/uploads\/2020\/08\/58BE1029-D623-4FFD-A106-B7FDA095458D.jpeg\",\"datePublished\":\"2020-08-15T20:20:59+00:00\",\"dateModified\":\"2023-01-12T18:27:05+00:00\",\"breadcrumb\":{\"@id\":\"https:\/\/old.immamestre.com\/es\/producto\/libreta-margaritas\/#breadcrumb\"},\"inLanguage\":\"es\",\"potentialAction\":[{\"@type\":\"ReadAction\",\"target\":[\"https:\/\/old.immamestre.com\/es\/producto\/libreta-margaritas\/\"]}]},{\"@type\":\"ImageObject\",\"inLanguage\":\"es\",\"@id\":\"https:\/\/old.immamestre.com\/es\/producto\/libreta-margaritas\/#primaryimage\",\"url\":\"https:\/\/old.immamestre.com\/wp-content\/uploads\/2020\/08\/58BE1029-D623-4FFD-A106-B7FDA095458D.jpeg\",\"contentUrl\":\"https:\/\/old.immamestre.com\/wp-content\/uploads\/2020\/08\/58BE1029-D623-4FFD-A106-B7FDA095458D.jpeg\",\"width\":640,\"height\":640},{\"@type\":\"BreadcrumbList\",\"@id\":\"https:\/\/old.immamestre.com\/es\/producto\/libreta-margaritas\/#breadcrumb\",\"itemListElement\":[{\"@type\":\"ListItem\",\"position\":1,\"name\":\"Home\",\"item\":\"https:\/\/old.immamestre.com\/\"},{\"@type\":\"ListItem\",\"position\":2,\"name\":\"Tienda\",\"item\":\"https:\/\/old.immamestre.com\/botiga\/\"},{\"@type\":\"ListItem\",\"position\":3,\"name\":\"Libreta Margaritas\"}]},{\"@type\":\"WebSite\",\"@id\":\"https:\/\/old.immamestre.com\/#website\",\"url\":\"https:\/\/old.immamestre.com\/\",\"name\":\"Imma Mestre | Ilustraci\u00f3n\",\"description\":\"ilustraci\u00f3n\",\"publisher\":{\"@id\":\"https:\/\/old.immamestre.com\/#\/schema\/person\/f649c9039586af566b698906bc9da076\"},\"potentialAction\":[{\"@type\":\"SearchAction\",\"target\":{\"@type\":\"EntryPoint\",\"urlTemplate\":\"https:\/\/old.immamestre.com\/?s={search_term_string}\"},\"query-input\":{\"@type\":\"PropertyValueSpecification\",\"valueRequired\":true,\"valueName\":\"search_term_string\"}}],\"inLanguage\":\"es\"},{\"@type\":[\"Person\",\"Organization\"],\"@id\":\"https:\/\/old.immamestre.com\/#\/schema\/person\/f649c9039586af566b698906bc9da076\",\"name\":\"Imma Mestre\",\"image\":{\"@type\":\"ImageObject\",\"inLanguage\":\"es\",\"@id\":\"https:\/\/old.immamestre.com\/#\/schema\/person\/image\/\",\"url\":\"https:\/\/secure.gravatar.com\/avatar\/fe9530742331fb8e4cb4de875d82303426947d472e41eb783b6dc62694aa6aff?s=96&d=mm&r=g\",\"contentUrl\":\"https:\/\/secure.gravatar.com\/avatar\/fe9530742331fb8e4cb4de875d82303426947d472e41eb783b6dc62694aa6aff?s=96&d=mm&r=g\",\"caption\":\"Imma Mestre\"},\"logo\":{\"@id\":\"https:\/\/old.immamestre.com\/#\/schema\/person\/image\/\"},\"description\":\"Hola soy Imma. Ilustradora. Hablo a trav\u00e9s de ilustraciones. Dame un l\u00e1piz y pinto tu mundo con historias ilustradas que te har\u00e1n despuntar.\",\"sameAs\":[\"https:\/\/www.immamestre.com\"]}]}<\/script>\n<!-- \/ Yoast SEO plugin. -->","yoast_head_json":{"title":"Libreta Margaritas - Imma Mestre | Ilustraci\u00f3n","robots":{"index":"index","follow":"follow","max-snippet":"max-snippet:-1","max-image-preview":"max-image-preview:large","max-video-preview":"max-video-preview:-1"},"canonical":"https:\/\/old.immamestre.com\/es\/producto\/libreta-margaritas\/","og_locale":"es_ES","og_type":"article","og_title":"Libreta Margaritas - Imma Mestre | Ilustraci\u00f3n","og_description":"Escribo-dibujo-escribo-dibujo-escribo-dibujo. \u00bfQu\u00e9 es lo que te sale al deshojar la margarita? \u00bfTe ha respondido? Salga lo que te salga, te est\u00e1s regalando\u00a0tiempo para ti. Para mimarte, para planificarte, para sincerarte, para organizarte. \u00bfLo har\u00e1s dibujando o escribiendo? Con la libreta Margaritas tienes el espacio suficiente para todos tus prop\u00f3sitos.","og_url":"https:\/\/old.immamestre.com\/es\/producto\/libreta-margaritas\/","og_site_name":"Imma Mestre | Ilustraci\u00f3n","article_modified_time":"2023-01-12T18:27:05+00:00","og_image":[{"width":640,"height":640,"url":"https:\/\/old.immamestre.com\/wp-content\/uploads\/2020\/08\/58BE1029-D623-4FFD-A106-B7FDA095458D.jpeg","type":"image\/jpeg"}],"twitter_misc":{"Tiempo de lectura":"1 minuto"},"schema":{"@context":"https:\/\/schema.org","@graph":[{"@type":"WebPage","@id":"https:\/\/old.immamestre.com\/es\/producto\/libreta-margaritas\/","url":"https:\/\/old.immamestre.com\/es\/producto\/libreta-margaritas\/","name":"Libreta Margaritas - Imma Mestre | Ilustraci\u00f3n","isPartOf":{"@id":"https:\/\/old.immamestre.com\/#website"},"primaryImageOfPage":{"@id":"https:\/\/old.immamestre.com\/es\/producto\/libreta-margaritas\/#primaryimage"},"image":{"@id":"https:\/\/old.immamestre.com\/es\/producto\/libreta-margaritas\/#primaryimage"},"thumbnailUrl":"https:\/\/old.immamestre.com\/wp-content\/uploads\/2020\/08\/58BE1029-D623-4FFD-A106-B7FDA095458D.jpeg","datePublished":"2020-08-15T20:20:59+00:00","dateModified":"2023-01-12T18:27:05+00:00","breadcrumb":{"@id":"https:\/\/old.immamestre.com\/es\/producto\/libreta-margaritas\/#breadcrumb"},"inLanguage":"es","potentialAction":[{"@type":"ReadAction","target":["https:\/\/old.immamestre.com\/es\/producto\/libreta-margaritas\/"]}]},{"@type":"ImageObject","inLanguage":"es","@id":"https:\/\/old.immamestre.com\/es\/producto\/libreta-margaritas\/#primaryimage","url":"https:\/\/old.immamestre.com\/wp-content\/uploads\/2020\/08\/58BE1029-D623-4FFD-A106-B7FDA095458D.jpeg","contentUrl":"https:\/\/old.immamestre.com\/wp-content\/uploads\/2020\/08\/58BE1029-D623-4FFD-A106-B7FDA095458D.jpeg","width":640,"height":640},{"@type":"BreadcrumbList","@id":"https:\/\/old.immamestre.com\/es\/producto\/libreta-margaritas\/#breadcrumb","itemListElement":[{"@type":"ListItem","position":1,"name":"Home","item":"https:\/\/old.immamestre.com\/"},{"@type":"ListItem","position":2,"name":"Tienda","item":"https:\/\/old.immamestre.com\/botiga\/"},{"@type":"ListItem","position":3,"name":"Libreta Margaritas"}]},{"@type":"WebSite","@id":"https:\/\/old.immamestre.com\/#website","url":"https:\/\/old.immamestre.com\/","name":"Imma Mestre | Ilustraci\u00f3n","description":"ilustraci\u00f3n","publisher":{"@id":"https:\/\/old.immamestre.com\/#\/schema\/person\/f649c9039586af566b698906bc9da076"},"potentialAction":[{"@type":"SearchAction","target":{"@type":"EntryPoint","urlTemplate":"https:\/\/old.immamestre.com\/?s={search_term_string}"},"query-input":{"@type":"PropertyValueSpecification","valueRequired":true,"valueName":"search_term_string"}}],"inLanguage":"es"},{"@type":["Person","Organization"],"@id":"https:\/\/old.immamestre.com\/#\/schema\/person\/f649c9039586af566b698906bc9da076","name":"Imma Mestre","image":{"@type":"ImageObject","inLanguage":"es","@id":"https:\/\/old.immamestre.com\/#\/schema\/person\/image\/","url":"https:\/\/secure.gravatar.com\/avatar\/fe9530742331fb8e4cb4de875d82303426947d472e41eb783b6dc62694aa6aff?s=96&d=mm&r=g","contentUrl":"https:\/\/secure.gravatar.com\/avatar\/fe9530742331fb8e4cb4de875d82303426947d472e41eb783b6dc62694aa6aff?s=96&d=mm&r=g","caption":"Imma Mestre"},"logo":{"@id":"https:\/\/old.immamestre.com\/#\/schema\/person\/image\/"},"description":"Hola soy Imma. Ilustradora. Hablo a trav\u00e9s de ilustraciones. Dame un l\u00e1piz y pinto tu mundo con historias ilustradas que te har\u00e1n despuntar.","sameAs":["https:\/\/www.immamestre.com"]}]}},"_links":{"self":[{"href":"https:\/\/old.immamestre.com\/es\/wp-json\/wp\/v2\/product\/12549","targetHints":{"allow":["GET"]}}],"collection":[{"href":"https:\/\/old.immamestre.com\/es\/wp-json\/wp\/v2\/product"}],"about":[{"href":"https:\/\/old.immamestre.com\/es\/wp-json\/wp\/v2\/types\/product"}],"replies":[{"embeddable":true,"href":"https:\/\/old.immamestre.com\/es\/wp-json\/wp\/v2\/comments?post=12549"}],"wp:featuredmedia":[{"embeddable":true,"href":"https:\/\/old.immamestre.com\/es\/wp-json\/wp\/v2\/media\/12482"}],"wp:attachment":[{"href":"https:\/\/old.immamestre.com\/es\/wp-json\/wp\/v2\/media?parent=12549"}],"wp:term":[{"taxonomy":"product_brand","embeddable":true,"href":"https:\/\/old.immamestre.com\/es\/wp-json\/wp\/v2\/product_brand?post=12549"},{"taxonomy":"product_cat","embeddable":true,"href":"https:\/\/old.immamestre.com\/es\/wp-json\/wp\/v2\/product_cat?post=12549"},{"taxonomy":"product_tag","embeddable":true,"href":"https:\/\/old.immamestre.com\/es\/wp-json\/wp\/v2\/product_tag?post=12549"}],"curies":[{"name":"wp","href":"https:\/\/api.w.org\/{rel}","templated":true}]}}