{"id":12330,"date":"2020-05-30T20:15:26","date_gmt":"2020-05-30T18:15:26","guid":{"rendered":"https:\/\/www.immamestre.com\/?post_type=product&#038;p=12330"},"modified":"2023-01-12T17:58:17","modified_gmt":"2023-01-12T16:58:17","slug":"plant-tracker","status":"publish","type":"product","link":"https:\/\/old.immamestre.com\/es\/producto\/plant-tracker\/","title":{"rendered":"Plant Tracker: registra tus plantas"},"content":{"rendered":"<p>\u00c9ste <em>Plant tracker <\/em>soluciona muchos de tus problemas plantiles si crees que eres un\/a \u00abmataplantas\u00bb, si no tienes ni idea de si hay que abonar o trasplantar, si ni te acuerdas de la \u00faltima vez que regaste tus plantas o si se te mueren hasta los cactus, por nombrar algunas de las muchas inquietudes que surgen cuando tenemos plantas de las que cuidarnos.<\/p>\n<p>Si es as\u00ed, observa bien qu\u00e9 haces y ap\u00fantalo en este <em>Plant tracker<\/em>. Solo as\u00ed podr\u00e1s saber en qu\u00e9 te est\u00e1s equivocando a la hora de cuidar tus plantas y c\u00f3mo solucionarlo.<\/p>\n<p>En esta libreta, podr\u00e1s llevar un registro exhaustivo de cada uno de tus pasos. A\u00fan as\u00ed, <strong>en \u00e9ste <em>Plant tracker<\/em> no encontrar\u00e1s consejos, ni soluciones, <\/strong>porqu\u00e9 no soy experta en jardiner\u00eda ni entiendo de plantas. Al contrario, por un tiempo tambi\u00e9n fui \u00abmataplantas\u00bb y gracias a ir registrando y anotando mis progresos, esa etapa ya termin\u00f3. <strong>Lo que tendr\u00e1s<\/strong> con \u00e9ste <em>Plant tracker<\/em> es un <strong>espacio donde apuntar<\/strong> cada una de las <strong>caracter\u00edsticas de tus plantas y registrar los aspectos m\u00e1s importantes<\/strong> a seguir, para cuidarlas y que crezcan bien.<\/p>\n<p>As\u00ed que, sin ser experta, \u00e9ste <em>Plant tracker <\/em>lo ide\u00e9 justo para cubrir la necesidad que ten\u00eda de apuntar cada paso que daba con mis plantas para llegar a entenderlas y que no se me murieran. Busqu\u00e9 por internet y en tiendas f\u00edsicas y no encontr\u00e9 una soluci\u00f3n que me convenciera, as\u00ed que la cre\u00e9 y naci\u00f3 \u00e9ste registrador de plantas.\u00a0 Lo dise\u00f1\u00e9 bas\u00e1ndome en mi propia experiencia y en consejos que he ido aprendiendo de forma autodidacta, leyendo libros o contratando asesor\u00edas para analizar mis plantas y sus problemas.<\/p>\n<p>Con esto aprend\u00ed que anotando regularmente cada paso que das con tus plantas, podr\u00e1s llegar a sacar patrones, conocerlas e incluso avanzarte a los problemas que puedan tener, ya que te habr\u00e1s acostumbrado a observar tus plantas y las conocer\u00e1s en detalle.<\/p>\n<p>&nbsp;<\/p>\n<h2>\u00bfQu\u00e9 puedes hacer con el <em>Plant tracker<\/em>?<\/h2>\n<ul>\n<li>Llevar un registro exhaustivo de todas tus plantas<\/li>\n<li>Entender tus plantas<\/li>\n<li>Avanzarte a los problemas que puedan tener<\/li>\n<li>Analizar la habitaci\u00f3n donde est\u00e1n colocadas<\/li>\n<li>Saber qu\u00e9 ubicaci\u00f3n es id\u00f3nea para cada planta<\/li>\n<li>Anotar imprevistos que tengas, consejos que hayas aprendido o te hayan dado<\/li>\n<li>Evaluar los aspectos m\u00e1s importantes a tener en cuenta:\n<ul>\n<li>luz<\/li>\n<li>riego<\/li>\n<li>temperatura<\/li>\n<li>sustrato<\/li>\n<li>hojas<\/li>\n<li>plagas&#8230;<\/li>\n<\/ul>\n<\/li>\n<\/ul>\n<p>&nbsp;<\/p>\n<h2>Caracter\u00edsticas:<\/h2>\n<ul>\n<li>Libreta totalmente ilustrada<\/li>\n<li>Incorpora una gu\u00eda b\u00e1sica para que sepas c\u00f3mo utilizar el <em>Plant tracker<\/em> y qu\u00e9 tienes que anotar en cada apartado<\/li>\n<li>Espacio para dibujar tu planta (o poner una foto) para saber cu\u00e1l es<\/li>\n<li>Fichas para que rellenes las caracter\u00edsticas de cada planta y lleves un registro de todos los cuidados que necesita<\/li>\n<li>Espacio para llevar un registro exhaustivo para 44 plantas<\/li>\n<li>Puedes tunear el <em>Plant tracker<\/em> y hacerlo tuyo personaliz\u00e1ndolo y pintando algunas de las ilustraciones que aparecen.<\/li>\n<li>Libreta impresa y grapada artesanalmente y de forma ecol\u00f3gica y sostenible<\/li>\n<li>Papel interior reciclado de 110gr de color n\u00e1car<\/li>\n<li>Portada impresa en papel kraft de 300gr<\/li>\n<li>Tama\u00f1o A5 (15x21cm)<\/li>\n<li>80 p\u00e1ginas para registrar tus plantas y su ubicaci\u00f3n\n<ul>\n<li>2 p\u00e1ginas para el \u00edndice de tus plantas dentro de la libreta<\/li>\n<li>6 p\u00e1ginas destinadas al registro de la ubicaci\u00f3n de tus plantas<\/li>\n<li>35 fichas ilustradas a doble p\u00e1gina para llevar el registro de tus plantas al detalle<\/li>\n<li>1 p\u00e1ginas para notas extras<\/li>\n<\/ul>\n<\/li>\n<\/ul>\n<p>&nbsp;<\/p>\n<h2>\u00bfC\u00f3mo s\u00e9 si el <em>Plant tracker <\/em>es para m\u00ed?<\/h2>\n<p><strong>Este <em>Plant tracker<\/em> ES PARA TI si:<\/strong><\/p>\n<ul>\n<li>Eres una apasionada\/o de las plantas.<\/li>\n<li>Te gustan las plantas pero no sabes c\u00f3mo cuidarlas.<\/li>\n<li>Piensas que eres una \u00abmataplantas\u00bb.<\/li>\n<li>No sabes qu\u00e9 problema tienen tus plantas.<\/li>\n<li>Quieres entender tus plantas.<\/li>\n<li>Quieres llevar un registro de tus plantas para tenerlas ordenadas y agrupar todos sus datos en un mismo lugar.<\/li>\n<li>Nunca te acuerdas de la \u00faltima vez que las regaste.<\/li>\n<li>Te gustan las plantas, pero quieres hacerle un seguimiento para que no se te escape nada.<\/li>\n<li>Te gusta relajarte entre plantas.<\/li>\n<li>Rodearte de plantas y estar en contacto con ellas es tu peque\u00f1o para\u00edso particular.<\/li>\n<\/ul>\n<p><strong>Este <em>Plant tracker<\/em> NO ES PARA TI si:<\/strong><\/p>\n<ul>\n<li>No te gustan las plantas y no quieres saber nada de ellas.<\/li>\n<li>No tienes tiempo para cuidar de tus plantas.<\/li>\n<li>El mundo plantil lo tienes m\u00e1s que controlado y no te hace falta apuntar nada porqu\u00e9 no hay planta que se te resista.<\/li>\n<li>No quieres llevar un registro de tus plantas para tenerlas ordenadas y agrupar todos sus datos en un mismo lugar.<\/li>\n<\/ul>\n<p>&nbsp;<\/p>\n<p>No tienes excusa, ahora tienes la oportunidad de entender tus plantas y que no se te resistan. Seguro que en pocos d\u00edas, \u00a1hasta te pedir\u00e1n consejo!<\/p>\n","protected":false},"excerpt":{"rendered":"<p>\u00bfPiensas que no se te dan bien las plantas porqu\u00e9 se te mueren hasta los cactus? \u00bfEl t\u00e9rmino \u00abmataplantas\u00bb te describe perfectamente?<\/p>\n<p>La soluci\u00f3n a estos problemas la experimentar\u00e1s con este <strong><em>Plant tracker:<\/em><\/strong> una libreta ecol\u00f3gica con una ficha para cada una de tus plantas, que te permitir\u00e1 <strong>analizarlas, entenderlas y avanzarte a sus problemas para que no se te mueran.<\/strong><\/p>\n<p>Las plantas te hablan a trav\u00e9s de su aspecto: hojas, textura, estructura&#8230; Entenderlas y saber qu\u00e9 te est\u00e1n diciendo es cuesti\u00f3n de observaci\u00f3n. Con el <em>Plant tracker en tus manos, <\/em>solo tendr\u00e1s que consultarlo para saber qu\u00e9 te est\u00e1n pidiendo en cada momento.<\/p>\n<p>El <em>Plant tracker<\/em> es la soluci\u00f3n perfecta para <strong>dejar de ser \u00abmataplantas\u00bb y pasar a ser \u00ab<em>plant lover\u00bb.<\/em><\/strong><\/p>\n","protected":false},"featured_media":12351,"comment_status":"open","ping_status":"closed","template":"","meta":{"_et_pb_use_builder":"","_et_pb_old_content":"","_et_gb_content_width":"","_monsterinsights_skip_tracking":false,"_monsterinsights_sitenote_active":false,"_monsterinsights_sitenote_note":"","_monsterinsights_sitenote_category":0},"product_brand":[],"product_cat":[370,596,200],"product_tag":[595],"class_list":{"0":"post-12330","1":"product","2":"type-product","3":"status-publish","4":"has-post-thumbnail","6":"product_cat-libretas","7":"product_cat-organizador","8":"product_cat-papel","9":"product_tag-libretas","11":"first","12":"instock","13":"taxable","14":"shipping-taxable","15":"purchasable","16":"product-type-simple"},"yoast_head":"<!-- This site is optimized with the Yoast SEO plugin v26.1.1 - https:\/\/yoast.com\/wordpress\/plugins\/seo\/ -->\n<title>Plant Tracker: registra tus plantas - Imma Mestre | Ilustraci\u00f3n<\/title>\n<meta name=\"description\" content=\"El Plant tracker es un registro de tus plantas en forma de fichas ilustradas para que entiendas tus plantas y te avances a sus problemas.\" \/>\n<meta name=\"robots\" content=\"index, follow, max-snippet:-1, max-image-preview:large, max-video-preview:-1\" \/>\n<link rel=\"canonical\" href=\"https:\/\/old.immamestre.com\/es\/producto\/plant-tracker\/\" \/>\n<meta property=\"og:locale\" content=\"es_ES\" \/>\n<meta property=\"og:type\" content=\"article\" \/>\n<meta property=\"og:title\" content=\"Plant Tracker: registra tus plantas - Imma Mestre | Ilustraci\u00f3n\" \/>\n<meta property=\"og:description\" content=\"El Plant tracker es un registro de tus plantas en forma de fichas ilustradas para que entiendas tus plantas y te avances a sus problemas.\" \/>\n<meta property=\"og:url\" content=\"https:\/\/old.immamestre.com\/es\/producto\/plant-tracker\/\" \/>\n<meta property=\"og:site_name\" content=\"Imma Mestre | Ilustraci\u00f3n\" \/>\n<meta property=\"article:modified_time\" content=\"2023-01-12T16:58:17+00:00\" \/>\n<meta property=\"og:image\" content=\"https:\/\/old.immamestre.com\/wp-content\/uploads\/2020\/05\/SHOP_Llibreta11_IMG_3301-scaled.jpg\" \/>\n\t<meta property=\"og:image:width\" content=\"2560\" \/>\n\t<meta property=\"og:image:height\" content=\"2560\" \/>\n\t<meta property=\"og:image:type\" content=\"image\/jpeg\" \/>\n<meta name=\"twitter:label1\" content=\"Tiempo de lectura\" \/>\n\t<meta name=\"twitter:data1\" content=\"4 minutos\" \/>\n<script type=\"application\/ld+json\" class=\"yoast-schema-graph\">{\"@context\":\"https:\/\/schema.org\",\"@graph\":[{\"@type\":\"WebPage\",\"@id\":\"https:\/\/old.immamestre.com\/es\/producto\/plant-tracker\/\",\"url\":\"https:\/\/old.immamestre.com\/es\/producto\/plant-tracker\/\",\"name\":\"Plant Tracker: registra tus plantas - Imma Mestre | Ilustraci\u00f3n\",\"isPartOf\":{\"@id\":\"https:\/\/old.immamestre.com\/#website\"},\"primaryImageOfPage\":{\"@id\":\"https:\/\/old.immamestre.com\/es\/producto\/plant-tracker\/#primaryimage\"},\"image\":{\"@id\":\"https:\/\/old.immamestre.com\/es\/producto\/plant-tracker\/#primaryimage\"},\"thumbnailUrl\":\"https:\/\/old.immamestre.com\/wp-content\/uploads\/2020\/05\/SHOP_Llibreta11_IMG_3301-scaled.jpg\",\"datePublished\":\"2020-05-30T18:15:26+00:00\",\"dateModified\":\"2023-01-12T16:58:17+00:00\",\"description\":\"El Plant tracker es un registro de tus plantas en forma de fichas ilustradas para que entiendas tus plantas y te avances a sus problemas.\",\"breadcrumb\":{\"@id\":\"https:\/\/old.immamestre.com\/es\/producto\/plant-tracker\/#breadcrumb\"},\"inLanguage\":\"es\",\"potentialAction\":[{\"@type\":\"ReadAction\",\"target\":[\"https:\/\/old.immamestre.com\/es\/producto\/plant-tracker\/\"]}]},{\"@type\":\"ImageObject\",\"inLanguage\":\"es\",\"@id\":\"https:\/\/old.immamestre.com\/es\/producto\/plant-tracker\/#primaryimage\",\"url\":\"https:\/\/old.immamestre.com\/wp-content\/uploads\/2020\/05\/SHOP_Llibreta11_IMG_3301-scaled.jpg\",\"contentUrl\":\"https:\/\/old.immamestre.com\/wp-content\/uploads\/2020\/05\/SHOP_Llibreta11_IMG_3301-scaled.jpg\",\"width\":2560,\"height\":2560},{\"@type\":\"BreadcrumbList\",\"@id\":\"https:\/\/old.immamestre.com\/es\/producto\/plant-tracker\/#breadcrumb\",\"itemListElement\":[{\"@type\":\"ListItem\",\"position\":1,\"name\":\"Home\",\"item\":\"https:\/\/old.immamestre.com\/\"},{\"@type\":\"ListItem\",\"position\":2,\"name\":\"Tienda\",\"item\":\"https:\/\/old.immamestre.com\/botiga\/\"},{\"@type\":\"ListItem\",\"position\":3,\"name\":\"Plant Tracker: registra tus plantas\"}]},{\"@type\":\"WebSite\",\"@id\":\"https:\/\/old.immamestre.com\/#website\",\"url\":\"https:\/\/old.immamestre.com\/\",\"name\":\"Imma Mestre | Ilustraci\u00f3n\",\"description\":\"ilustraci\u00f3n\",\"publisher\":{\"@id\":\"https:\/\/old.immamestre.com\/#\/schema\/person\/f649c9039586af566b698906bc9da076\"},\"potentialAction\":[{\"@type\":\"SearchAction\",\"target\":{\"@type\":\"EntryPoint\",\"urlTemplate\":\"https:\/\/old.immamestre.com\/?s={search_term_string}\"},\"query-input\":{\"@type\":\"PropertyValueSpecification\",\"valueRequired\":true,\"valueName\":\"search_term_string\"}}],\"inLanguage\":\"es\"},{\"@type\":[\"Person\",\"Organization\"],\"@id\":\"https:\/\/old.immamestre.com\/#\/schema\/person\/f649c9039586af566b698906bc9da076\",\"name\":\"Imma Mestre\",\"image\":{\"@type\":\"ImageObject\",\"inLanguage\":\"es\",\"@id\":\"https:\/\/old.immamestre.com\/#\/schema\/person\/image\/\",\"url\":\"https:\/\/secure.gravatar.com\/avatar\/fe9530742331fb8e4cb4de875d82303426947d472e41eb783b6dc62694aa6aff?s=96&d=mm&r=g\",\"contentUrl\":\"https:\/\/secure.gravatar.com\/avatar\/fe9530742331fb8e4cb4de875d82303426947d472e41eb783b6dc62694aa6aff?s=96&d=mm&r=g\",\"caption\":\"Imma Mestre\"},\"logo\":{\"@id\":\"https:\/\/old.immamestre.com\/#\/schema\/person\/image\/\"},\"description\":\"Hola soy Imma. Ilustradora. Hablo a trav\u00e9s de ilustraciones. Dame un l\u00e1piz y pinto tu mundo con historias ilustradas que te har\u00e1n despuntar.\",\"sameAs\":[\"https:\/\/www.immamestre.com\"]}]}<\/script>\n<!-- \/ Yoast SEO plugin. -->","yoast_head_json":{"title":"Plant Tracker: registra tus plantas - Imma Mestre | Ilustraci\u00f3n","description":"El Plant tracker es un registro de tus plantas en forma de fichas ilustradas para que entiendas tus plantas y te avances a sus problemas.","robots":{"index":"index","follow":"follow","max-snippet":"max-snippet:-1","max-image-preview":"max-image-preview:large","max-video-preview":"max-video-preview:-1"},"canonical":"https:\/\/old.immamestre.com\/es\/producto\/plant-tracker\/","og_locale":"es_ES","og_type":"article","og_title":"Plant Tracker: registra tus plantas - Imma Mestre | Ilustraci\u00f3n","og_description":"El Plant tracker es un registro de tus plantas en forma de fichas ilustradas para que entiendas tus plantas y te avances a sus problemas.","og_url":"https:\/\/old.immamestre.com\/es\/producto\/plant-tracker\/","og_site_name":"Imma Mestre | Ilustraci\u00f3n","article_modified_time":"2023-01-12T16:58:17+00:00","og_image":[{"width":2560,"height":2560,"url":"https:\/\/old.immamestre.com\/wp-content\/uploads\/2020\/05\/SHOP_Llibreta11_IMG_3301-scaled.jpg","type":"image\/jpeg"}],"twitter_misc":{"Tiempo de lectura":"4 minutos"},"schema":{"@context":"https:\/\/schema.org","@graph":[{"@type":"WebPage","@id":"https:\/\/old.immamestre.com\/es\/producto\/plant-tracker\/","url":"https:\/\/old.immamestre.com\/es\/producto\/plant-tracker\/","name":"Plant Tracker: registra tus plantas - Imma Mestre | Ilustraci\u00f3n","isPartOf":{"@id":"https:\/\/old.immamestre.com\/#website"},"primaryImageOfPage":{"@id":"https:\/\/old.immamestre.com\/es\/producto\/plant-tracker\/#primaryimage"},"image":{"@id":"https:\/\/old.immamestre.com\/es\/producto\/plant-tracker\/#primaryimage"},"thumbnailUrl":"https:\/\/old.immamestre.com\/wp-content\/uploads\/2020\/05\/SHOP_Llibreta11_IMG_3301-scaled.jpg","datePublished":"2020-05-30T18:15:26+00:00","dateModified":"2023-01-12T16:58:17+00:00","description":"El Plant tracker es un registro de tus plantas en forma de fichas ilustradas para que entiendas tus plantas y te avances a sus problemas.","breadcrumb":{"@id":"https:\/\/old.immamestre.com\/es\/producto\/plant-tracker\/#breadcrumb"},"inLanguage":"es","potentialAction":[{"@type":"ReadAction","target":["https:\/\/old.immamestre.com\/es\/producto\/plant-tracker\/"]}]},{"@type":"ImageObject","inLanguage":"es","@id":"https:\/\/old.immamestre.com\/es\/producto\/plant-tracker\/#primaryimage","url":"https:\/\/old.immamestre.com\/wp-content\/uploads\/2020\/05\/SHOP_Llibreta11_IMG_3301-scaled.jpg","contentUrl":"https:\/\/old.immamestre.com\/wp-content\/uploads\/2020\/05\/SHOP_Llibreta11_IMG_3301-scaled.jpg","width":2560,"height":2560},{"@type":"BreadcrumbList","@id":"https:\/\/old.immamestre.com\/es\/producto\/plant-tracker\/#breadcrumb","itemListElement":[{"@type":"ListItem","position":1,"name":"Home","item":"https:\/\/old.immamestre.com\/"},{"@type":"ListItem","position":2,"name":"Tienda","item":"https:\/\/old.immamestre.com\/botiga\/"},{"@type":"ListItem","position":3,"name":"Plant Tracker: registra tus plantas"}]},{"@type":"WebSite","@id":"https:\/\/old.immamestre.com\/#website","url":"https:\/\/old.immamestre.com\/","name":"Imma Mestre | Ilustraci\u00f3n","description":"ilustraci\u00f3n","publisher":{"@id":"https:\/\/old.immamestre.com\/#\/schema\/person\/f649c9039586af566b698906bc9da076"},"potentialAction":[{"@type":"SearchAction","target":{"@type":"EntryPoint","urlTemplate":"https:\/\/old.immamestre.com\/?s={search_term_string}"},"query-input":{"@type":"PropertyValueSpecification","valueRequired":true,"valueName":"search_term_string"}}],"inLanguage":"es"},{"@type":["Person","Organization"],"@id":"https:\/\/old.immamestre.com\/#\/schema\/person\/f649c9039586af566b698906bc9da076","name":"Imma Mestre","image":{"@type":"ImageObject","inLanguage":"es","@id":"https:\/\/old.immamestre.com\/#\/schema\/person\/image\/","url":"https:\/\/secure.gravatar.com\/avatar\/fe9530742331fb8e4cb4de875d82303426947d472e41eb783b6dc62694aa6aff?s=96&d=mm&r=g","contentUrl":"https:\/\/secure.gravatar.com\/avatar\/fe9530742331fb8e4cb4de875d82303426947d472e41eb783b6dc62694aa6aff?s=96&d=mm&r=g","caption":"Imma Mestre"},"logo":{"@id":"https:\/\/old.immamestre.com\/#\/schema\/person\/image\/"},"description":"Hola soy Imma. Ilustradora. Hablo a trav\u00e9s de ilustraciones. Dame un l\u00e1piz y pinto tu mundo con historias ilustradas que te har\u00e1n despuntar.","sameAs":["https:\/\/www.immamestre.com"]}]}},"_links":{"self":[{"href":"https:\/\/old.immamestre.com\/es\/wp-json\/wp\/v2\/product\/12330","targetHints":{"allow":["GET"]}}],"collection":[{"href":"https:\/\/old.immamestre.com\/es\/wp-json\/wp\/v2\/product"}],"about":[{"href":"https:\/\/old.immamestre.com\/es\/wp-json\/wp\/v2\/types\/product"}],"replies":[{"embeddable":true,"href":"https:\/\/old.immamestre.com\/es\/wp-json\/wp\/v2\/comments?post=12330"}],"wp:featuredmedia":[{"embeddable":true,"href":"https:\/\/old.immamestre.com\/es\/wp-json\/wp\/v2\/media\/12351"}],"wp:attachment":[{"href":"https:\/\/old.immamestre.com\/es\/wp-json\/wp\/v2\/media?parent=12330"}],"wp:term":[{"taxonomy":"product_brand","embeddable":true,"href":"https:\/\/old.immamestre.com\/es\/wp-json\/wp\/v2\/product_brand?post=12330"},{"taxonomy":"product_cat","embeddable":true,"href":"https:\/\/old.immamestre.com\/es\/wp-json\/wp\/v2\/product_cat?post=12330"},{"taxonomy":"product_tag","embeddable":true,"href":"https:\/\/old.immamestre.com\/es\/wp-json\/wp\/v2\/product_tag?post=12330"}],"curies":[{"name":"wp","href":"https:\/\/api.w.org\/{rel}","templated":true}]}}