{"id":11282,"date":"2019-04-05T17:01:31","date_gmt":"2019-04-05T15:01:31","guid":{"rendered":"https:\/\/www.immamestre.com\/?post_type=product&#038;p=11282"},"modified":"2022-10-10T14:19:31","modified_gmt":"2022-10-10T12:19:31","slug":"tote-bag-queen-de-corazones","status":"publish","type":"product","link":"https:\/\/old.immamestre.com\/es\/producto\/tote-bag-queen-de-corazones\/","title":{"rendered":"Tote Bag Queen de corazones"},"content":{"rendered":"<p class=\"p1\"><span class=\"s1\">\u00bfPara qu\u00e9 quieres ser una princesa de cuento de Pinterest, si ya eres toda una reina? Una reina de corazones, porqu\u00e9 te mueve la pasi\u00f3n y tu actitud sale de all\u00ed. Del coraz\u00f3n \u00bfo me equivoco?<\/span><\/p>\n<p class=\"p1\"><span class=\"s1\">\u00c9sta es una de las bolsas superh\u00e9roe: te saca de un apuro cuando m\u00e1s lo necesitas. Pr\u00e1ctica, c\u00f3moda, moderna y con gran capacidad.<\/span><\/p>\n<p class=\"p1\"><span class=\"s1\">CARACTER\u00cdSTICAS:<\/span><\/p>\n<p class=\"p1\"><span class=\"s1\">Bolsa de tela de algod\u00f3n, color beige, tipo Tote Bag. Asa larga. Ilustraci\u00f3n original de Imma Mestre<\/span><\/p>\n<p class=\"p1\"><span class=\"s1\">Impresi\u00f3n en serigraf\u00eda a color de alta calidad<\/span><\/p>\n<p class=\"p1\"><span class=\"s1\">Material: algod\u00f3n 100%<\/span><\/p>\n<p class=\"p1\"><span class=\"s1\">Peso: 140gr<\/span><\/p>\n<p class=\"p1\"><span class=\"s1\">Tama\u00f1o: 38x42cm<\/span><\/p>\n<p class=\"p1\"><span class=\"s1\">Longitud de asa: 65cm<\/span><\/p>\n<p>IVA incluido.<\/p>\n<p>&nbsp;<\/p>\n<p class=\"p1\"><strong><span class=\"s1\">Para que dure m\u00e1s, te recomiendo lavarla y plancharla del rev\u00e9s.<\/span><\/strong><\/p>\n","protected":false},"excerpt":{"rendered":"<p class=\"p1\"><span class=\"s1\">Bolsa de algod\u00f3n 100%, color beige, tipo Tote Bag. Asa larga. Ilustraci\u00f3n original de Imma Mestre<\/span><\/p>\n<p class=\"p1\"><span class=\"s1\">\u00bfPara que quieres ser una princesa de cuento, de vida de Pinterest, si ya eres toda una reina? Una reina de corazones, porqu\u00e9 te mueve la pasi\u00f3n, la emoci\u00f3n. Tu actitud sale de all\u00ed. Del coraz\u00f3n \u00bfo me equivoco?<\/span><\/p>\n<p class=\"p1\"><span class=\"s1\">Aqu\u00ed tienes una de las bolsas superh\u00e9roe: te saca de un apuro cuando m\u00e1s lo necesitas: Un imprevisto; una compra de \u00faltima hora\u2026<span class=\"Apple-converted-space\">\u00a0 <\/span>Una aut\u00e9ntica reina de corazones tiene siempre la soluci\u00f3n. \u00bfQuieres tener un look original y pr\u00e1ctico? Cu\u00e9lgate del brazo esta Tote y que los dem\u00e1s te admiren.<\/span><\/p>\n<p class=\"p1\"><span class=\"s1\">Es pr\u00e1ctica, cabe todo lo que necesitas, m\u00e1s esos imprescindibles que tanto te definen. Y bien plegada, no ocupa nada de espacio. Ideal para llevarla siempre contigo.<\/span><\/p>\n<p class=\"p1\"><span class=\"s1\">Venga, ponte esa corona y \u00a1a ser la reina del d\u00eda a d\u00eda!<\/span><\/p>\n","protected":false},"featured_media":11319,"comment_status":"open","ping_status":"closed","template":"","meta":{"_et_pb_use_builder":"","_et_pb_old_content":"","_et_gb_content_width":"","_monsterinsights_skip_tracking":false,"_monsterinsights_sitenote_active":false,"_monsterinsights_sitenote_note":"","_monsterinsights_sitenote_category":0},"product_brand":[],"product_cat":[569,199],"product_tag":[570],"class_list":{"0":"post-11282","1":"product","2":"type-product","3":"status-publish","4":"has-post-thumbnail","6":"product_cat-tote-bags","7":"product_cat-textil","8":"product_tag-totebag","10":"first","11":"instock","12":"taxable","13":"shipping-taxable","14":"purchasable","15":"product-type-simple"},"yoast_head":"<!-- This site is optimized with the Yoast SEO plugin v26.1.1 - https:\/\/yoast.com\/wordpress\/plugins\/seo\/ -->\n<title>Tote Bag Tote Bag Queen de corazones - Imma Mestre | Ilustraci\u00f3n<\/title>\n<meta name=\"description\" content=\"Tote Bag de algod\u00f3n 100%. Bolsa de tela de asa larga. Ilustraci\u00f3n original de Imma Mestre. Pr\u00e1ctica, c\u00f3moda, moderna y de gran capacidad.\" \/>\n<meta name=\"robots\" content=\"index, follow, max-snippet:-1, max-image-preview:large, max-video-preview:-1\" \/>\n<link rel=\"canonical\" href=\"https:\/\/old.immamestre.com\/es\/producto\/tote-bag-queen-de-corazones\/\" \/>\n<meta property=\"og:locale\" content=\"es_ES\" \/>\n<meta property=\"og:type\" content=\"article\" \/>\n<meta property=\"og:title\" content=\"Tote Bag Tote Bag Queen de corazones - Imma Mestre | Ilustraci\u00f3n\" \/>\n<meta property=\"og:description\" content=\"Tote Bag de algod\u00f3n 100%. Bolsa de tela de asa larga. Ilustraci\u00f3n original de Imma Mestre. Pr\u00e1ctica, c\u00f3moda, moderna y de gran capacidad.\" \/>\n<meta property=\"og:url\" content=\"https:\/\/old.immamestre.com\/es\/producto\/tote-bag-queen-de-corazones\/\" \/>\n<meta property=\"og:site_name\" content=\"Imma Mestre | Ilustraci\u00f3n\" \/>\n<meta property=\"article:modified_time\" content=\"2022-10-10T12:19:31+00:00\" \/>\n<meta property=\"og:image\" content=\"https:\/\/old.immamestre.com\/wp-content\/uploads\/2019\/04\/ToteBag_QueenCorazones4_ImmaMestre.jpg\" \/>\n\t<meta property=\"og:image:width\" content=\"1080\" \/>\n\t<meta property=\"og:image:height\" content=\"1080\" \/>\n\t<meta property=\"og:image:type\" content=\"image\/jpeg\" \/>\n<meta name=\"twitter:label1\" content=\"Tiempo de lectura\" \/>\n\t<meta name=\"twitter:data1\" content=\"1 minuto\" \/>\n<script type=\"application\/ld+json\" class=\"yoast-schema-graph\">{\"@context\":\"https:\/\/schema.org\",\"@graph\":[{\"@type\":\"WebPage\",\"@id\":\"https:\/\/old.immamestre.com\/es\/producto\/tote-bag-queen-de-corazones\/\",\"url\":\"https:\/\/old.immamestre.com\/es\/producto\/tote-bag-queen-de-corazones\/\",\"name\":\"Tote Bag Tote Bag Queen de corazones - Imma Mestre | Ilustraci\u00f3n\",\"isPartOf\":{\"@id\":\"https:\/\/old.immamestre.com\/#website\"},\"primaryImageOfPage\":{\"@id\":\"https:\/\/old.immamestre.com\/es\/producto\/tote-bag-queen-de-corazones\/#primaryimage\"},\"image\":{\"@id\":\"https:\/\/old.immamestre.com\/es\/producto\/tote-bag-queen-de-corazones\/#primaryimage\"},\"thumbnailUrl\":\"https:\/\/old.immamestre.com\/wp-content\/uploads\/2019\/04\/ToteBag_QueenCorazones4_ImmaMestre.jpg\",\"datePublished\":\"2019-04-05T15:01:31+00:00\",\"dateModified\":\"2022-10-10T12:19:31+00:00\",\"description\":\"Tote Bag de algod\u00f3n 100%. Bolsa de tela de asa larga. Ilustraci\u00f3n original de Imma Mestre. Pr\u00e1ctica, c\u00f3moda, moderna y de gran capacidad.\",\"breadcrumb\":{\"@id\":\"https:\/\/old.immamestre.com\/es\/producto\/tote-bag-queen-de-corazones\/#breadcrumb\"},\"inLanguage\":\"es\",\"potentialAction\":[{\"@type\":\"ReadAction\",\"target\":[\"https:\/\/old.immamestre.com\/es\/producto\/tote-bag-queen-de-corazones\/\"]}]},{\"@type\":\"ImageObject\",\"inLanguage\":\"es\",\"@id\":\"https:\/\/old.immamestre.com\/es\/producto\/tote-bag-queen-de-corazones\/#primaryimage\",\"url\":\"https:\/\/old.immamestre.com\/wp-content\/uploads\/2019\/04\/ToteBag_QueenCorazones4_ImmaMestre.jpg\",\"contentUrl\":\"https:\/\/old.immamestre.com\/wp-content\/uploads\/2019\/04\/ToteBag_QueenCorazones4_ImmaMestre.jpg\",\"width\":1080,\"height\":1080},{\"@type\":\"BreadcrumbList\",\"@id\":\"https:\/\/old.immamestre.com\/es\/producto\/tote-bag-queen-de-corazones\/#breadcrumb\",\"itemListElement\":[{\"@type\":\"ListItem\",\"position\":1,\"name\":\"Home\",\"item\":\"https:\/\/old.immamestre.com\/\"},{\"@type\":\"ListItem\",\"position\":2,\"name\":\"Tienda\",\"item\":\"https:\/\/old.immamestre.com\/botiga\/\"},{\"@type\":\"ListItem\",\"position\":3,\"name\":\"Tote Bag Queen de corazones\"}]},{\"@type\":\"WebSite\",\"@id\":\"https:\/\/old.immamestre.com\/#website\",\"url\":\"https:\/\/old.immamestre.com\/\",\"name\":\"Imma Mestre | Ilustraci\u00f3n\",\"description\":\"ilustraci\u00f3n\",\"publisher\":{\"@id\":\"https:\/\/old.immamestre.com\/#\/schema\/person\/f649c9039586af566b698906bc9da076\"},\"potentialAction\":[{\"@type\":\"SearchAction\",\"target\":{\"@type\":\"EntryPoint\",\"urlTemplate\":\"https:\/\/old.immamestre.com\/?s={search_term_string}\"},\"query-input\":{\"@type\":\"PropertyValueSpecification\",\"valueRequired\":true,\"valueName\":\"search_term_string\"}}],\"inLanguage\":\"es\"},{\"@type\":[\"Person\",\"Organization\"],\"@id\":\"https:\/\/old.immamestre.com\/#\/schema\/person\/f649c9039586af566b698906bc9da076\",\"name\":\"Imma Mestre\",\"image\":{\"@type\":\"ImageObject\",\"inLanguage\":\"es\",\"@id\":\"https:\/\/old.immamestre.com\/#\/schema\/person\/image\/\",\"url\":\"https:\/\/secure.gravatar.com\/avatar\/fe9530742331fb8e4cb4de875d82303426947d472e41eb783b6dc62694aa6aff?s=96&d=mm&r=g\",\"contentUrl\":\"https:\/\/secure.gravatar.com\/avatar\/fe9530742331fb8e4cb4de875d82303426947d472e41eb783b6dc62694aa6aff?s=96&d=mm&r=g\",\"caption\":\"Imma Mestre\"},\"logo\":{\"@id\":\"https:\/\/old.immamestre.com\/#\/schema\/person\/image\/\"},\"description\":\"Hola soy Imma. Ilustradora. Hablo a trav\u00e9s de ilustraciones. Dame un l\u00e1piz y pinto tu mundo con historias ilustradas que te har\u00e1n despuntar.\",\"sameAs\":[\"https:\/\/www.immamestre.com\"]}]}<\/script>\n<!-- \/ Yoast SEO plugin. -->","yoast_head_json":{"title":"Tote Bag Tote Bag Queen de corazones - Imma Mestre | Ilustraci\u00f3n","description":"Tote Bag de algod\u00f3n 100%. Bolsa de tela de asa larga. Ilustraci\u00f3n original de Imma Mestre. Pr\u00e1ctica, c\u00f3moda, moderna y de gran capacidad.","robots":{"index":"index","follow":"follow","max-snippet":"max-snippet:-1","max-image-preview":"max-image-preview:large","max-video-preview":"max-video-preview:-1"},"canonical":"https:\/\/old.immamestre.com\/es\/producto\/tote-bag-queen-de-corazones\/","og_locale":"es_ES","og_type":"article","og_title":"Tote Bag Tote Bag Queen de corazones - Imma Mestre | Ilustraci\u00f3n","og_description":"Tote Bag de algod\u00f3n 100%. Bolsa de tela de asa larga. Ilustraci\u00f3n original de Imma Mestre. Pr\u00e1ctica, c\u00f3moda, moderna y de gran capacidad.","og_url":"https:\/\/old.immamestre.com\/es\/producto\/tote-bag-queen-de-corazones\/","og_site_name":"Imma Mestre | Ilustraci\u00f3n","article_modified_time":"2022-10-10T12:19:31+00:00","og_image":[{"width":1080,"height":1080,"url":"https:\/\/old.immamestre.com\/wp-content\/uploads\/2019\/04\/ToteBag_QueenCorazones4_ImmaMestre.jpg","type":"image\/jpeg"}],"twitter_misc":{"Tiempo de lectura":"1 minuto"},"schema":{"@context":"https:\/\/schema.org","@graph":[{"@type":"WebPage","@id":"https:\/\/old.immamestre.com\/es\/producto\/tote-bag-queen-de-corazones\/","url":"https:\/\/old.immamestre.com\/es\/producto\/tote-bag-queen-de-corazones\/","name":"Tote Bag Tote Bag Queen de corazones - Imma Mestre | Ilustraci\u00f3n","isPartOf":{"@id":"https:\/\/old.immamestre.com\/#website"},"primaryImageOfPage":{"@id":"https:\/\/old.immamestre.com\/es\/producto\/tote-bag-queen-de-corazones\/#primaryimage"},"image":{"@id":"https:\/\/old.immamestre.com\/es\/producto\/tote-bag-queen-de-corazones\/#primaryimage"},"thumbnailUrl":"https:\/\/old.immamestre.com\/wp-content\/uploads\/2019\/04\/ToteBag_QueenCorazones4_ImmaMestre.jpg","datePublished":"2019-04-05T15:01:31+00:00","dateModified":"2022-10-10T12:19:31+00:00","description":"Tote Bag de algod\u00f3n 100%. Bolsa de tela de asa larga. Ilustraci\u00f3n original de Imma Mestre. Pr\u00e1ctica, c\u00f3moda, moderna y de gran capacidad.","breadcrumb":{"@id":"https:\/\/old.immamestre.com\/es\/producto\/tote-bag-queen-de-corazones\/#breadcrumb"},"inLanguage":"es","potentialAction":[{"@type":"ReadAction","target":["https:\/\/old.immamestre.com\/es\/producto\/tote-bag-queen-de-corazones\/"]}]},{"@type":"ImageObject","inLanguage":"es","@id":"https:\/\/old.immamestre.com\/es\/producto\/tote-bag-queen-de-corazones\/#primaryimage","url":"https:\/\/old.immamestre.com\/wp-content\/uploads\/2019\/04\/ToteBag_QueenCorazones4_ImmaMestre.jpg","contentUrl":"https:\/\/old.immamestre.com\/wp-content\/uploads\/2019\/04\/ToteBag_QueenCorazones4_ImmaMestre.jpg","width":1080,"height":1080},{"@type":"BreadcrumbList","@id":"https:\/\/old.immamestre.com\/es\/producto\/tote-bag-queen-de-corazones\/#breadcrumb","itemListElement":[{"@type":"ListItem","position":1,"name":"Home","item":"https:\/\/old.immamestre.com\/"},{"@type":"ListItem","position":2,"name":"Tienda","item":"https:\/\/old.immamestre.com\/botiga\/"},{"@type":"ListItem","position":3,"name":"Tote Bag Queen de corazones"}]},{"@type":"WebSite","@id":"https:\/\/old.immamestre.com\/#website","url":"https:\/\/old.immamestre.com\/","name":"Imma Mestre | Ilustraci\u00f3n","description":"ilustraci\u00f3n","publisher":{"@id":"https:\/\/old.immamestre.com\/#\/schema\/person\/f649c9039586af566b698906bc9da076"},"potentialAction":[{"@type":"SearchAction","target":{"@type":"EntryPoint","urlTemplate":"https:\/\/old.immamestre.com\/?s={search_term_string}"},"query-input":{"@type":"PropertyValueSpecification","valueRequired":true,"valueName":"search_term_string"}}],"inLanguage":"es"},{"@type":["Person","Organization"],"@id":"https:\/\/old.immamestre.com\/#\/schema\/person\/f649c9039586af566b698906bc9da076","name":"Imma Mestre","image":{"@type":"ImageObject","inLanguage":"es","@id":"https:\/\/old.immamestre.com\/#\/schema\/person\/image\/","url":"https:\/\/secure.gravatar.com\/avatar\/fe9530742331fb8e4cb4de875d82303426947d472e41eb783b6dc62694aa6aff?s=96&d=mm&r=g","contentUrl":"https:\/\/secure.gravatar.com\/avatar\/fe9530742331fb8e4cb4de875d82303426947d472e41eb783b6dc62694aa6aff?s=96&d=mm&r=g","caption":"Imma Mestre"},"logo":{"@id":"https:\/\/old.immamestre.com\/#\/schema\/person\/image\/"},"description":"Hola soy Imma. Ilustradora. Hablo a trav\u00e9s de ilustraciones. Dame un l\u00e1piz y pinto tu mundo con historias ilustradas que te har\u00e1n despuntar.","sameAs":["https:\/\/www.immamestre.com"]}]}},"_links":{"self":[{"href":"https:\/\/old.immamestre.com\/es\/wp-json\/wp\/v2\/product\/11282","targetHints":{"allow":["GET"]}}],"collection":[{"href":"https:\/\/old.immamestre.com\/es\/wp-json\/wp\/v2\/product"}],"about":[{"href":"https:\/\/old.immamestre.com\/es\/wp-json\/wp\/v2\/types\/product"}],"replies":[{"embeddable":true,"href":"https:\/\/old.immamestre.com\/es\/wp-json\/wp\/v2\/comments?post=11282"}],"wp:featuredmedia":[{"embeddable":true,"href":"https:\/\/old.immamestre.com\/es\/wp-json\/wp\/v2\/media\/11319"}],"wp:attachment":[{"href":"https:\/\/old.immamestre.com\/es\/wp-json\/wp\/v2\/media?parent=11282"}],"wp:term":[{"taxonomy":"product_brand","embeddable":true,"href":"https:\/\/old.immamestre.com\/es\/wp-json\/wp\/v2\/product_brand?post=11282"},{"taxonomy":"product_cat","embeddable":true,"href":"https:\/\/old.immamestre.com\/es\/wp-json\/wp\/v2\/product_cat?post=11282"},{"taxonomy":"product_tag","embeddable":true,"href":"https:\/\/old.immamestre.com\/es\/wp-json\/wp\/v2\/product_tag?post=11282"}],"curies":[{"name":"wp","href":"https:\/\/api.w.org\/{rel}","templated":true}]}}