{"id":10713,"date":"2018-11-17T22:02:29","date_gmt":"2018-11-17T21:02:29","guid":{"rendered":"https:\/\/www.immamestre.com\/?post_type=product&#038;p=10713"},"modified":"2020-12-30T15:19:43","modified_gmt":"2020-12-30T14:19:43","slug":"lamina-champions","status":"publish","type":"product","link":"https:\/\/old.immamestre.com\/es\/producto\/lamina-champions\/","title":{"rendered":"L\u00e1mina Champions"},"content":{"rendered":"<p>No decaigas, no vale lamentarse porqu\u00e9 aqu\u00ed todos somos campeones.<\/p>\n<p>Impreso en papel estucado mate de 250gr, a una cara y firmado por delante.<\/p>\n<p>Tama\u00f1o: A4 (21\u00d729,7cm) o A3 (29,7&#215;42 cm).<\/p>\n<p>No incluye marco.<\/p>\n<p>(Lee atentamente las\u00a0<a href=\"https:\/\/old.immamestre.com\/condiciones-de-venta\/\">Condiciones de venta<\/a>).<\/p>\n","protected":false},"excerpt":{"rendered":"<p>En esta vida hemos venido a ser felices. No hay perdedores si persigues tus sue\u00f1os y act\u00faas tal como crees correcto. No vale lamentarse porqu\u00e9 aqu\u00ed todos somos campeones.<\/p>\n<p>L\u00e1mina inspiradora en formato A4 (21\u00d729,7cm) o A3 (29,7&#215;42 cm)<\/p>\n","protected":false},"featured_media":10754,"comment_status":"open","ping_status":"closed","template":"","meta":{"_et_pb_use_builder":"off","_et_pb_old_content":"<p>gdgdfbvdgtgtfg<\/p>","_et_gb_content_width":"","_monsterinsights_skip_tracking":false,"_monsterinsights_sitenote_active":false,"_monsterinsights_sitenote_note":"","_monsterinsights_sitenote_category":0},"product_brand":[],"product_cat":[290],"product_tag":[],"class_list":{"0":"post-10713","1":"product","2":"type-product","3":"status-publish","4":"has-post-thumbnail","6":"product_cat-laminas","8":"first","9":"instock","10":"taxable","11":"shipping-taxable","12":"purchasable","13":"product-type-variable"},"yoast_head":"<!-- This site is optimized with the Yoast SEO plugin v26.1.1 - https:\/\/yoast.com\/wordpress\/plugins\/seo\/ -->\n<title>L\u00e1mina Champions - Imma Mestre | Ilustraci\u00f3n<\/title>\n<meta name=\"robots\" content=\"index, follow, max-snippet:-1, max-image-preview:large, max-video-preview:-1\" \/>\n<link rel=\"canonical\" href=\"https:\/\/old.immamestre.com\/es\/producto\/lamina-champions\/\" \/>\n<meta property=\"og:locale\" content=\"es_ES\" \/>\n<meta property=\"og:type\" content=\"article\" \/>\n<meta property=\"og:title\" content=\"L\u00e1mina Champions - Imma Mestre | Ilustraci\u00f3n\" \/>\n<meta property=\"og:description\" content=\"En esta vida hemos venido a ser felices. No hay perdedores si persigues tus sue\u00f1os y act\u00faas tal como crees correcto. No vale lamentarse porqu\u00e9 aqu\u00ed todos somos campeones.  L\u00e1mina inspiradora en formato A4 (21\u00d729,7cm) o A3 (29,7x42 cm)\" \/>\n<meta property=\"og:url\" content=\"https:\/\/old.immamestre.com\/es\/producto\/lamina-champions\/\" \/>\n<meta property=\"og:site_name\" content=\"Imma Mestre | Ilustraci\u00f3n\" \/>\n<meta property=\"article:modified_time\" content=\"2020-12-30T14:19:43+00:00\" \/>\n<meta property=\"og:image\" content=\"https:\/\/old.immamestre.com\/wp-content\/uploads\/2018\/11\/PRINT_Champions_Portada_ImmaMestre.jpg\" \/>\n\t<meta property=\"og:image:width\" content=\"1080\" \/>\n\t<meta property=\"og:image:height\" content=\"1080\" \/>\n\t<meta property=\"og:image:type\" content=\"image\/jpeg\" \/>\n<script type=\"application\/ld+json\" class=\"yoast-schema-graph\">{\"@context\":\"https:\/\/schema.org\",\"@graph\":[{\"@type\":\"WebPage\",\"@id\":\"https:\/\/old.immamestre.com\/es\/producto\/lamina-champions\/\",\"url\":\"https:\/\/old.immamestre.com\/es\/producto\/lamina-champions\/\",\"name\":\"L\u00e1mina Champions - Imma Mestre | Ilustraci\u00f3n\",\"isPartOf\":{\"@id\":\"https:\/\/old.immamestre.com\/#website\"},\"primaryImageOfPage\":{\"@id\":\"https:\/\/old.immamestre.com\/es\/producto\/lamina-champions\/#primaryimage\"},\"image\":{\"@id\":\"https:\/\/old.immamestre.com\/es\/producto\/lamina-champions\/#primaryimage\"},\"thumbnailUrl\":\"https:\/\/old.immamestre.com\/wp-content\/uploads\/2018\/11\/PRINT_Champions_Portada_ImmaMestre.jpg\",\"datePublished\":\"2018-11-17T21:02:29+00:00\",\"dateModified\":\"2020-12-30T14:19:43+00:00\",\"breadcrumb\":{\"@id\":\"https:\/\/old.immamestre.com\/es\/producto\/lamina-champions\/#breadcrumb\"},\"inLanguage\":\"es\",\"potentialAction\":[{\"@type\":\"ReadAction\",\"target\":[\"https:\/\/old.immamestre.com\/es\/producto\/lamina-champions\/\"]}]},{\"@type\":\"ImageObject\",\"inLanguage\":\"es\",\"@id\":\"https:\/\/old.immamestre.com\/es\/producto\/lamina-champions\/#primaryimage\",\"url\":\"https:\/\/old.immamestre.com\/wp-content\/uploads\/2018\/11\/PRINT_Champions_Portada_ImmaMestre.jpg\",\"contentUrl\":\"https:\/\/old.immamestre.com\/wp-content\/uploads\/2018\/11\/PRINT_Champions_Portada_ImmaMestre.jpg\",\"width\":1080,\"height\":1080},{\"@type\":\"BreadcrumbList\",\"@id\":\"https:\/\/old.immamestre.com\/es\/producto\/lamina-champions\/#breadcrumb\",\"itemListElement\":[{\"@type\":\"ListItem\",\"position\":1,\"name\":\"Home\",\"item\":\"https:\/\/old.immamestre.com\/\"},{\"@type\":\"ListItem\",\"position\":2,\"name\":\"Tienda\",\"item\":\"https:\/\/old.immamestre.com\/botiga\/\"},{\"@type\":\"ListItem\",\"position\":3,\"name\":\"L\u00e1mina Champions\"}]},{\"@type\":\"WebSite\",\"@id\":\"https:\/\/old.immamestre.com\/#website\",\"url\":\"https:\/\/old.immamestre.com\/\",\"name\":\"Imma Mestre | Ilustraci\u00f3n\",\"description\":\"ilustraci\u00f3n\",\"publisher\":{\"@id\":\"https:\/\/old.immamestre.com\/#\/schema\/person\/f649c9039586af566b698906bc9da076\"},\"potentialAction\":[{\"@type\":\"SearchAction\",\"target\":{\"@type\":\"EntryPoint\",\"urlTemplate\":\"https:\/\/old.immamestre.com\/?s={search_term_string}\"},\"query-input\":{\"@type\":\"PropertyValueSpecification\",\"valueRequired\":true,\"valueName\":\"search_term_string\"}}],\"inLanguage\":\"es\"},{\"@type\":[\"Person\",\"Organization\"],\"@id\":\"https:\/\/old.immamestre.com\/#\/schema\/person\/f649c9039586af566b698906bc9da076\",\"name\":\"Imma Mestre\",\"image\":{\"@type\":\"ImageObject\",\"inLanguage\":\"es\",\"@id\":\"https:\/\/old.immamestre.com\/#\/schema\/person\/image\/\",\"url\":\"https:\/\/secure.gravatar.com\/avatar\/fe9530742331fb8e4cb4de875d82303426947d472e41eb783b6dc62694aa6aff?s=96&d=mm&r=g\",\"contentUrl\":\"https:\/\/secure.gravatar.com\/avatar\/fe9530742331fb8e4cb4de875d82303426947d472e41eb783b6dc62694aa6aff?s=96&d=mm&r=g\",\"caption\":\"Imma Mestre\"},\"logo\":{\"@id\":\"https:\/\/old.immamestre.com\/#\/schema\/person\/image\/\"},\"description\":\"Hola soy Imma. Ilustradora. Hablo a trav\u00e9s de ilustraciones. Dame un l\u00e1piz y pinto tu mundo con historias ilustradas que te har\u00e1n despuntar.\",\"sameAs\":[\"https:\/\/www.immamestre.com\"]}]}<\/script>\n<!-- \/ Yoast SEO plugin. -->","yoast_head_json":{"title":"L\u00e1mina Champions - Imma Mestre | Ilustraci\u00f3n","robots":{"index":"index","follow":"follow","max-snippet":"max-snippet:-1","max-image-preview":"max-image-preview:large","max-video-preview":"max-video-preview:-1"},"canonical":"https:\/\/old.immamestre.com\/es\/producto\/lamina-champions\/","og_locale":"es_ES","og_type":"article","og_title":"L\u00e1mina Champions - Imma Mestre | Ilustraci\u00f3n","og_description":"En esta vida hemos venido a ser felices. No hay perdedores si persigues tus sue\u00f1os y act\u00faas tal como crees correcto. No vale lamentarse porqu\u00e9 aqu\u00ed todos somos campeones.  L\u00e1mina inspiradora en formato A4 (21\u00d729,7cm) o A3 (29,7x42 cm)","og_url":"https:\/\/old.immamestre.com\/es\/producto\/lamina-champions\/","og_site_name":"Imma Mestre | Ilustraci\u00f3n","article_modified_time":"2020-12-30T14:19:43+00:00","og_image":[{"width":1080,"height":1080,"url":"https:\/\/old.immamestre.com\/wp-content\/uploads\/2018\/11\/PRINT_Champions_Portada_ImmaMestre.jpg","type":"image\/jpeg"}],"schema":{"@context":"https:\/\/schema.org","@graph":[{"@type":"WebPage","@id":"https:\/\/old.immamestre.com\/es\/producto\/lamina-champions\/","url":"https:\/\/old.immamestre.com\/es\/producto\/lamina-champions\/","name":"L\u00e1mina Champions - Imma Mestre | Ilustraci\u00f3n","isPartOf":{"@id":"https:\/\/old.immamestre.com\/#website"},"primaryImageOfPage":{"@id":"https:\/\/old.immamestre.com\/es\/producto\/lamina-champions\/#primaryimage"},"image":{"@id":"https:\/\/old.immamestre.com\/es\/producto\/lamina-champions\/#primaryimage"},"thumbnailUrl":"https:\/\/old.immamestre.com\/wp-content\/uploads\/2018\/11\/PRINT_Champions_Portada_ImmaMestre.jpg","datePublished":"2018-11-17T21:02:29+00:00","dateModified":"2020-12-30T14:19:43+00:00","breadcrumb":{"@id":"https:\/\/old.immamestre.com\/es\/producto\/lamina-champions\/#breadcrumb"},"inLanguage":"es","potentialAction":[{"@type":"ReadAction","target":["https:\/\/old.immamestre.com\/es\/producto\/lamina-champions\/"]}]},{"@type":"ImageObject","inLanguage":"es","@id":"https:\/\/old.immamestre.com\/es\/producto\/lamina-champions\/#primaryimage","url":"https:\/\/old.immamestre.com\/wp-content\/uploads\/2018\/11\/PRINT_Champions_Portada_ImmaMestre.jpg","contentUrl":"https:\/\/old.immamestre.com\/wp-content\/uploads\/2018\/11\/PRINT_Champions_Portada_ImmaMestre.jpg","width":1080,"height":1080},{"@type":"BreadcrumbList","@id":"https:\/\/old.immamestre.com\/es\/producto\/lamina-champions\/#breadcrumb","itemListElement":[{"@type":"ListItem","position":1,"name":"Home","item":"https:\/\/old.immamestre.com\/"},{"@type":"ListItem","position":2,"name":"Tienda","item":"https:\/\/old.immamestre.com\/botiga\/"},{"@type":"ListItem","position":3,"name":"L\u00e1mina Champions"}]},{"@type":"WebSite","@id":"https:\/\/old.immamestre.com\/#website","url":"https:\/\/old.immamestre.com\/","name":"Imma Mestre | Ilustraci\u00f3n","description":"ilustraci\u00f3n","publisher":{"@id":"https:\/\/old.immamestre.com\/#\/schema\/person\/f649c9039586af566b698906bc9da076"},"potentialAction":[{"@type":"SearchAction","target":{"@type":"EntryPoint","urlTemplate":"https:\/\/old.immamestre.com\/?s={search_term_string}"},"query-input":{"@type":"PropertyValueSpecification","valueRequired":true,"valueName":"search_term_string"}}],"inLanguage":"es"},{"@type":["Person","Organization"],"@id":"https:\/\/old.immamestre.com\/#\/schema\/person\/f649c9039586af566b698906bc9da076","name":"Imma Mestre","image":{"@type":"ImageObject","inLanguage":"es","@id":"https:\/\/old.immamestre.com\/#\/schema\/person\/image\/","url":"https:\/\/secure.gravatar.com\/avatar\/fe9530742331fb8e4cb4de875d82303426947d472e41eb783b6dc62694aa6aff?s=96&d=mm&r=g","contentUrl":"https:\/\/secure.gravatar.com\/avatar\/fe9530742331fb8e4cb4de875d82303426947d472e41eb783b6dc62694aa6aff?s=96&d=mm&r=g","caption":"Imma Mestre"},"logo":{"@id":"https:\/\/old.immamestre.com\/#\/schema\/person\/image\/"},"description":"Hola soy Imma. Ilustradora. Hablo a trav\u00e9s de ilustraciones. Dame un l\u00e1piz y pinto tu mundo con historias ilustradas que te har\u00e1n despuntar.","sameAs":["https:\/\/www.immamestre.com"]}]}},"_links":{"self":[{"href":"https:\/\/old.immamestre.com\/es\/wp-json\/wp\/v2\/product\/10713","targetHints":{"allow":["GET"]}}],"collection":[{"href":"https:\/\/old.immamestre.com\/es\/wp-json\/wp\/v2\/product"}],"about":[{"href":"https:\/\/old.immamestre.com\/es\/wp-json\/wp\/v2\/types\/product"}],"replies":[{"embeddable":true,"href":"https:\/\/old.immamestre.com\/es\/wp-json\/wp\/v2\/comments?post=10713"}],"wp:featuredmedia":[{"embeddable":true,"href":"https:\/\/old.immamestre.com\/es\/wp-json\/wp\/v2\/media\/10754"}],"wp:attachment":[{"href":"https:\/\/old.immamestre.com\/es\/wp-json\/wp\/v2\/media?parent=10713"}],"wp:term":[{"taxonomy":"product_brand","embeddable":true,"href":"https:\/\/old.immamestre.com\/es\/wp-json\/wp\/v2\/product_brand?post=10713"},{"taxonomy":"product_cat","embeddable":true,"href":"https:\/\/old.immamestre.com\/es\/wp-json\/wp\/v2\/product_cat?post=10713"},{"taxonomy":"product_tag","embeddable":true,"href":"https:\/\/old.immamestre.com\/es\/wp-json\/wp\/v2\/product_tag?post=10713"}],"curies":[{"name":"wp","href":"https:\/\/api.w.org\/{rel}","templated":true}]}}