{"id":8393,"date":"2018-03-17T14:34:35","date_gmt":"2018-03-17T13:34:35","guid":{"rendered":"http:\/\/www.immamestre.com\/?page_id=8393"},"modified":"2020-03-29T01:30:22","modified_gmt":"2020-03-29T00:30:22","slug":"servicios","status":"publish","type":"page","link":"https:\/\/old.immamestre.com\/es\/servicios\/","title":{"rendered":"Servicios"},"content":{"rendered":"<p>[et_pb_section fb_built=\u00bb1&#8243; fullwidth=\u00bbon\u00bb admin_label=\u00bbsection\u00bb _builder_version=\u00bb3.22&#8243;][et_pb_fullwidth_header title=\u00bbServicios\u00bb subhead=\u00bb\u00bfQu\u00e9 necesitas?\u00bb text_orientation=\u00bbright\u00bb _builder_version=\u00bb3.19&#8243; title_font=\u00bbOpen Sans||||||||\u00bb title_text_color=\u00bbrgba(255,255,255,0)\u00bb title_font_size=\u00bb100px\u00bb content_font=\u00bbOpen Sans||||\u00bb content_text_color=\u00bbrgba(255,255,255,0)\u00bb content_font_size=\u00bb36px\u00bb subhead_font=\u00bbOpen Sans||||\u00bb subhead_text_color=\u00bbrgba(255,255,255,0)\u00bb subhead_font_size=\u00bb70px\u00bb background_color=\u00bbrgba(255,255,255,0)\u00bb background_image=\u00bbhttps:\/\/old.immamestre.com\/wp-content\/uploads\/2018\/03\/CapceleraServeis.jpg\u00bb background_layout=\u00bblight\u00bb max_width_tablet=\u00bb50px\u00bb custom_padding=\u00bb100px||100px\u00bb button_one_text_size__hover_enabled=\u00bboff\u00bb button_two_text_size__hover_enabled=\u00bboff\u00bb button_one_text_color__hover_enabled=\u00bboff\u00bb button_two_text_color__hover_enabled=\u00bboff\u00bb button_one_border_width__hover_enabled=\u00bboff\u00bb button_two_border_width__hover_enabled=\u00bboff\u00bb button_one_border_color__hover_enabled=\u00bboff\u00bb button_two_border_color__hover_enabled=\u00bboff\u00bb button_one_border_radius__hover_enabled=\u00bboff\u00bb button_two_border_radius__hover_enabled=\u00bboff\u00bb button_one_letter_spacing__hover_enabled=\u00bboff\u00bb button_two_letter_spacing__hover_enabled=\u00bboff\u00bb button_one_bg_color__hover_enabled=\u00bboff\u00bb button_two_bg_color__hover_enabled=\u00bboff\u00bb][\/et_pb_fullwidth_header][\/et_pb_section][et_pb_section fb_built=\u00bb1&#8243; _builder_version=\u00bb3.22&#8243;][et_pb_row _builder_version=\u00bb3.25&#8243;][et_pb_column type=\u00bb4_4&#8243; _builder_version=\u00bb3.25&#8243; custom_padding=\u00bb|||\u00bb custom_padding__hover=\u00bb|||\u00bb][et_pb_text _builder_version=\u00bb3.27.4&#8243; header_text_color=\u00bb#008798&#8243; header_2_line_height=\u00bb1.1em\u00bb background_size=\u00bbinitial\u00bb background_position=\u00bbtop_left\u00bb background_repeat=\u00bbrepeat\u00bb use_border_color=\u00bboff\u00bb saved_tabs=\u00bball\u00bb]<\/p>\n<h1 style=\"text-align: center;\"><strong><span style=\"color: #000000;\">\u00bfQu\u00e9 puedo hacer por t\u00ed?<\/span><\/strong><\/h1>\n<p style=\"text-align: center;\">Aqu\u00ed puedes escoger de qu\u00e9 color pintar\u00e1s tu proyecto para conectar con tu p\u00fablico.\u00a0<strong><br \/>\n<\/strong><\/p>\n<p>[\/et_pb_text][\/et_pb_column][\/et_pb_row][\/et_pb_section][et_pb_section fb_built=\u00bb1&#8243; custom_padding_last_edited=\u00bbon|desktop\u00bb admin_label=\u00bbsection\u00bb _builder_version=\u00bb3.22&#8243; custom_padding_tablet=\u00bb50px|0|50px|0&#8243; custom_padding_phone=\u00bb\u00bb][et_pb_row column_structure=\u00bb1_3,1_3,1_3&#8243; admin_label=\u00bbrow\u00bb _builder_version=\u00bb3.25&#8243; background_size=\u00bbinitial\u00bb background_position=\u00bbtop_left\u00bb background_repeat=\u00bbrepeat\u00bb border_radii=\u00bbon|0px|0px|0px|0px\u00bb][et_pb_column type=\u00bb1_3&#8243; _builder_version=\u00bb3.25&#8243; background_position=\u00bbtop_left\u00bb custom_padding=\u00bb|||\u00bb custom_padding__hover=\u00bb|||\u00bb][et_pb_blurb title=\u00bbShop\u00bb url=\u00bbhttps:\/\/old.immamestre.com\/en-construccion\u00bb image=\u00bbhttps:\/\/old.immamestre.com\/wp-content\/uploads\/2018\/12\/ImatgeServeis_Shop2019_ImmaMestre.jpg\u00bb admin_label=\u00bbBlurb recursos ilustrados\u00bb _builder_version=\u00bb3.19&#8243; header_font=\u00bb|700|||||||\u00bb header_text_color=\u00bb#000000&#8243; header_font_size=\u00bb25&#8243; background_size=\u00bbinitial\u00bb background_position=\u00bbtop_left\u00bb background_repeat=\u00bbrepeat\u00bb text_orientation=\u00bbcenter\u00bb max_width_tablet=\u00bb50px\u00bb animation=\u00bboff\u00bb use_border_color=\u00bboff\u00bb]<\/p>\n<p>Productos ilustrados.<\/p>\n<p>L\u00e1minas ilustradas con frases inspiradoras,\u00a0 dibujos con buen rollo y productos ilustrados que aportar\u00e1n la creatividad y autenticidad que est\u00e1s buscando.<\/p>\n<p>[\/et_pb_blurb][et_pb_button button_url=\u00bbhttps:\/\/old.immamestre.com\/shop\u00bb button_text=\u00bbEscoje tu producto ilustrado\u00bb button_alignment=\u00bbcenter\u00bb admin_label=\u00bbBot\u00f3n recursos ilustrados\u00bb _builder_version=\u00bb3.19.1&#8243; button_icon=\u00bb%%28%%\u00bb button_icon_color=\u00bb#008798&#8243; box_shadow_style=\u00bbpreset4&#8243; box_shadow_horizontal=\u00bb3px\u00bb box_shadow_vertical=\u00bb3px\u00bb box_shadow_color=\u00bbrgba(112,113,115,0.3)\u00bb button_text_color_hover=\u00bb#008798&#8243; button_border_color_hover=\u00bb#008798&#8243; button_border_radius_hover=\u00bb0&#8243; button_bg_color_hover=\u00bbrgba(0,0,0,0)\u00bb button_text_size__hover_enabled=\u00bboff\u00bb button_one_text_size__hover_enabled=\u00bboff\u00bb button_two_text_size__hover_enabled=\u00bboff\u00bb button_text_color__hover_enabled=\u00bbon\u00bb button_text_color__hover=\u00bb#008798&#8243; button_one_text_color__hover_enabled=\u00bboff\u00bb button_two_text_color__hover_enabled=\u00bboff\u00bb button_border_width__hover_enabled=\u00bboff\u00bb button_one_border_width__hover_enabled=\u00bboff\u00bb button_two_border_width__hover_enabled=\u00bboff\u00bb button_border_color__hover_enabled=\u00bbon\u00bb button_border_color__hover=\u00bb#008798&#8243; button_one_border_color__hover_enabled=\u00bboff\u00bb button_two_border_color__hover_enabled=\u00bboff\u00bb button_border_radius__hover_enabled=\u00bbon\u00bb button_border_radius__hover=\u00bb0&#8243; button_one_border_radius__hover_enabled=\u00bboff\u00bb button_two_border_radius__hover_enabled=\u00bboff\u00bb button_letter_spacing__hover_enabled=\u00bboff\u00bb button_one_letter_spacing__hover_enabled=\u00bboff\u00bb button_two_letter_spacing__hover_enabled=\u00bboff\u00bb button_bg_color__hover_enabled=\u00bbon\u00bb button_bg_color__hover=\u00bbrgba(0,0,0,0)\u00bb button_one_bg_color__hover_enabled=\u00bboff\u00bb button_two_bg_color__hover_enabled=\u00bboff\u00bb][\/et_pb_button][\/et_pb_column][et_pb_column type=\u00bb1_3&#8243; _builder_version=\u00bb3.25&#8243; background_position=\u00bbtop_left\u00bb custom_padding=\u00bb|||\u00bb custom_padding__hover=\u00bb|||\u00bb][et_pb_blurb title=\u00bbIlustraci\u00f3n\u00bb url=\u00bbhttps:\/\/old.immamestre.com\/ilustracion-corporativa\/\u00bb image=\u00bbhttps:\/\/old.immamestre.com\/wp-content\/uploads\/2018\/12\/ImatgeServeis_Corporativa2019_ImmaMestre.jpg\u00bb admin_label=\u00bbBlurb ilustraci\u00f3n corporativa\u00bb _builder_version=\u00bb3.19&#8243; header_font=\u00bb|700|||||||\u00bb header_text_color=\u00bb#000000&#8243; header_font_size=\u00bb25&#8243; background_size=\u00bbinitial\u00bb background_position=\u00bbtop_left\u00bb background_repeat=\u00bbrepeat\u00bb text_orientation=\u00bbcenter\u00bb max_width_tablet=\u00bb50px\u00bb animation=\u00bboff\u00bb use_border_color=\u00bboff\u00bb]<\/p>\n<p>\u00bfHas pensado en darle vida a tu proyecto?<\/p>\n<p>Conecta con tu p\u00fablico a trav\u00e9s de una imagen. Descubre qu\u00e9 puedes conseguir mostrando a tu gente de qu\u00e9 color est\u00e1s hecho.<\/p>\n<p>[\/et_pb_blurb][et_pb_button button_url=\u00bbhttps:\/\/old.immamestre.com\/ilustracion-corporativa\/\u00bb button_text=\u00bbConoce mis servicios\u00bb button_alignment=\u00bbcenter\u00bb admin_label=\u00bbBot\u00f3n ilustraci\u00f3n corporativa\u00bb _builder_version=\u00bb3.19.1&#8243; button_icon=\u00bb%%28%%\u00bb button_icon_color=\u00bb#008798&#8243; box_shadow_style=\u00bbpreset4&#8243; box_shadow_horizontal=\u00bb3px\u00bb box_shadow_vertical=\u00bb3px\u00bb box_shadow_color=\u00bbrgba(112,113,115,0.3)\u00bb button_text_color_hover=\u00bb#008798&#8243; button_border_color_hover=\u00bb#008798&#8243; button_border_radius_hover=\u00bb0&#8243; button_bg_color_hover=\u00bbrgba(0,0,0,0)\u00bb button_text_size__hover_enabled=\u00bboff\u00bb button_one_text_size__hover_enabled=\u00bboff\u00bb button_two_text_size__hover_enabled=\u00bboff\u00bb button_text_color__hover_enabled=\u00bbon\u00bb button_text_color__hover=\u00bb#008798&#8243; button_one_text_color__hover_enabled=\u00bboff\u00bb button_two_text_color__hover_enabled=\u00bboff\u00bb button_border_width__hover_enabled=\u00bboff\u00bb button_one_border_width__hover_enabled=\u00bboff\u00bb button_two_border_width__hover_enabled=\u00bboff\u00bb button_border_color__hover_enabled=\u00bbon\u00bb button_border_color__hover=\u00bb#008798&#8243; button_one_border_color__hover_enabled=\u00bboff\u00bb button_two_border_color__hover_enabled=\u00bboff\u00bb button_border_radius__hover_enabled=\u00bbon\u00bb button_border_radius__hover=\u00bb0&#8243; button_one_border_radius__hover_enabled=\u00bboff\u00bb button_two_border_radius__hover_enabled=\u00bboff\u00bb button_letter_spacing__hover_enabled=\u00bboff\u00bb button_one_letter_spacing__hover_enabled=\u00bboff\u00bb button_two_letter_spacing__hover_enabled=\u00bboff\u00bb button_bg_color__hover_enabled=\u00bbon\u00bb button_bg_color__hover=\u00bbrgba(0,0,0,0)\u00bb button_one_bg_color__hover_enabled=\u00bboff\u00bb button_two_bg_color__hover_enabled=\u00bboff\u00bb][\/et_pb_button][\/et_pb_column][et_pb_column type=\u00bb1_3&#8243; _builder_version=\u00bb3.25&#8243; background_position=\u00bbtop_left\u00bb custom_padding=\u00bb|||\u00bb custom_padding__hover=\u00bb|||\u00bb][et_pb_blurb title=\u00bbRetratos ilustrados\u00bb url=\u00bbhttps:\/\/old.immamestre.com\/retratos-ilustrados\/\u00bb image=\u00bbhttps:\/\/old.immamestre.com\/wp-content\/uploads\/2018\/12\/ImatgeServeis_Retrats2019_ImmaMestre.jpg\u00bb admin_label=\u00bbBlurb regalos ilustrados\u00bb _builder_version=\u00bb3.19&#8243; header_font=\u00bb|700|||||||\u00bb header_text_color=\u00bb#000000&#8243; header_font_size=\u00bb25&#8243; background_size=\u00bbinitial\u00bb background_position=\u00bbtop_left\u00bb background_repeat=\u00bbrepeat\u00bb text_orientation=\u00bbcenter\u00bb max_width_tablet=\u00bb50px\u00bb animation=\u00bboff\u00bb use_border_color=\u00bboff\u00bb]<\/p>\n<p>Un momento especial para siempre<\/p>\n<p>Tu historia inmortalizada en una ilustraci\u00f3n hecha a medida que te sacar\u00e1 m\u00e1s de una sonrisa. Revive la emoci\u00f3n de tu momento especial de un solo vistazo.\u00a0\u00a0<\/p>\n<p>[\/et_pb_blurb][et_pb_button button_url=\u00bbhttps:\/\/old.immamestre.com\/retratos-ilustrados\/\u00bb button_text=\u00bbPide tu retrato\u00bb button_alignment=\u00bbcenter\u00bb admin_label=\u00bbBot\u00f3n regalos ilustrados\u00bb _builder_version=\u00bb3.19.1&#8243; button_icon=\u00bb%%28%%\u00bb button_icon_color=\u00bb#008798&#8243; box_shadow_style=\u00bbpreset4&#8243; box_shadow_horizontal=\u00bb3px\u00bb box_shadow_vertical=\u00bb3px\u00bb box_shadow_color=\u00bbrgba(112,113,115,0.3)\u00bb button_text_color_hover=\u00bb#008798&#8243; button_border_color_hover=\u00bb#008798&#8243; button_border_radius_hover=\u00bb0&#8243; button_bg_color_hover=\u00bbrgba(0,0,0,0)\u00bb button_text_size__hover_enabled=\u00bboff\u00bb button_one_text_size__hover_enabled=\u00bboff\u00bb button_two_text_size__hover_enabled=\u00bboff\u00bb button_text_color__hover_enabled=\u00bbon\u00bb button_text_color__hover=\u00bb#008798&#8243; button_one_text_color__hover_enabled=\u00bboff\u00bb button_two_text_color__hover_enabled=\u00bboff\u00bb button_border_width__hover_enabled=\u00bboff\u00bb button_one_border_width__hover_enabled=\u00bboff\u00bb button_two_border_width__hover_enabled=\u00bboff\u00bb button_border_color__hover_enabled=\u00bbon\u00bb button_border_color__hover=\u00bb#008798&#8243; button_one_border_color__hover_enabled=\u00bboff\u00bb button_two_border_color__hover_enabled=\u00bboff\u00bb button_border_radius__hover_enabled=\u00bbon\u00bb button_border_radius__hover=\u00bb0&#8243; button_one_border_radius__hover_enabled=\u00bboff\u00bb button_two_border_radius__hover_enabled=\u00bboff\u00bb button_letter_spacing__hover_enabled=\u00bboff\u00bb button_one_letter_spacing__hover_enabled=\u00bboff\u00bb button_two_letter_spacing__hover_enabled=\u00bboff\u00bb button_bg_color__hover_enabled=\u00bbon\u00bb button_bg_color__hover=\u00bbrgba(0,0,0,0)\u00bb button_one_bg_color__hover_enabled=\u00bboff\u00bb button_two_bg_color__hover_enabled=\u00bboff\u00bb][\/et_pb_button][\/et_pb_column][\/et_pb_row][et_pb_row _builder_version=\u00bb3.25&#8243;][et_pb_column type=\u00bb4_4&#8243; _builder_version=\u00bb3.25&#8243; custom_padding=\u00bb|||\u00bb custom_padding__hover=\u00bb|||\u00bb][et_pb_divider show_divider=\u00bboff\u00bb _builder_version=\u00bb3.19.1&#8243;][\/et_pb_divider][\/et_pb_column][\/et_pb_row][\/et_pb_section]<\/p>\n","protected":false},"excerpt":{"rendered":"<p>\u00bfQu\u00e9 puedo hacer por t\u00ed? Aqu\u00ed puedes escoger de qu\u00e9 color pintar\u00e1s tu proyecto para conectar con tu p\u00fablico.\u00a0 Productos ilustrados. L\u00e1minas ilustradas con frases inspiradoras,\u00a0 dibujos con buen rollo y productos ilustrados que aportar\u00e1n la creatividad y autenticidad que est\u00e1s buscando.\u00bfHas pensado en darle vida a tu proyecto? Conecta con tu p\u00fablico a trav\u00e9s [&hellip;]<\/p>\n","protected":false},"author":1,"featured_media":0,"parent":0,"menu_order":0,"comment_status":"closed","ping_status":"closed","template":"","meta":{"_et_pb_use_builder":"on","_et_pb_old_content":"","_et_gb_content_width":"","_monsterinsights_skip_tracking":false,"_monsterinsights_sitenote_active":false,"_monsterinsights_sitenote_note":"","_monsterinsights_sitenote_category":0,"footnotes":""},"class_list":["post-8393","page","type-page","status-publish","hentry"],"yoast_head":"<!-- This site is optimized with the Yoast SEO plugin v26.1.1 - https:\/\/yoast.com\/wordpress\/plugins\/seo\/ -->\n<title>Servicios - Imma Mestre | Ilustraci\u00f3n<\/title>\n<meta name=\"robots\" content=\"index, follow, max-snippet:-1, max-image-preview:large, max-video-preview:-1\" \/>\n<link rel=\"canonical\" href=\"https:\/\/old.immamestre.com\/servicios\/\" \/>\n<meta property=\"og:locale\" content=\"es_ES\" \/>\n<meta property=\"og:type\" content=\"article\" \/>\n<meta property=\"og:title\" content=\"Servicios - Imma Mestre | Ilustraci\u00f3n\" \/>\n<meta property=\"og:description\" content=\"\u00bfQu\u00e9 puedo hacer por t\u00ed? Aqu\u00ed puedes escoger de qu\u00e9 color pintar\u00e1s tu proyecto para conectar con tu p\u00fablico.\u00a0 Productos ilustrados. L\u00e1minas ilustradas con frases inspiradoras,\u00a0 dibujos con buen rollo y productos ilustrados que aportar\u00e1n la creatividad y autenticidad que est\u00e1s buscando.\u00bfHas pensado en darle vida a tu proyecto? Conecta con tu p\u00fablico a trav\u00e9s [&hellip;]\" \/>\n<meta property=\"og:url\" content=\"https:\/\/old.immamestre.com\/servicios\/\" \/>\n<meta property=\"og:site_name\" content=\"Imma Mestre | Ilustraci\u00f3n\" \/>\n<meta property=\"article:modified_time\" content=\"2020-03-29T00:30:22+00:00\" \/>\n<meta name=\"twitter:label1\" content=\"Tiempo de lectura\" \/>\n\t<meta name=\"twitter:data1\" content=\"7 minutos\" \/>\n<script type=\"application\/ld+json\" class=\"yoast-schema-graph\">{\"@context\":\"https:\/\/schema.org\",\"@graph\":[{\"@type\":\"WebPage\",\"@id\":\"https:\/\/old.immamestre.com\/servicios\/\",\"url\":\"https:\/\/old.immamestre.com\/servicios\/\",\"name\":\"Servicios - Imma Mestre | Ilustraci\u00f3n\",\"isPartOf\":{\"@id\":\"https:\/\/old.immamestre.com\/#website\"},\"datePublished\":\"2018-03-17T13:34:35+00:00\",\"dateModified\":\"2020-03-29T00:30:22+00:00\",\"breadcrumb\":{\"@id\":\"https:\/\/old.immamestre.com\/servicios\/#breadcrumb\"},\"inLanguage\":\"es\",\"potentialAction\":[{\"@type\":\"ReadAction\",\"target\":[\"https:\/\/old.immamestre.com\/servicios\/\"]}]},{\"@type\":\"BreadcrumbList\",\"@id\":\"https:\/\/old.immamestre.com\/servicios\/#breadcrumb\",\"itemListElement\":[{\"@type\":\"ListItem\",\"position\":1,\"name\":\"Home\",\"item\":\"https:\/\/old.immamestre.com\/\"},{\"@type\":\"ListItem\",\"position\":2,\"name\":\"Servicios\"}]},{\"@type\":\"WebSite\",\"@id\":\"https:\/\/old.immamestre.com\/#website\",\"url\":\"https:\/\/old.immamestre.com\/\",\"name\":\"Imma Mestre | Ilustraci\u00f3n\",\"description\":\"ilustraci\u00f3n\",\"publisher\":{\"@id\":\"https:\/\/old.immamestre.com\/#\/schema\/person\/f649c9039586af566b698906bc9da076\"},\"potentialAction\":[{\"@type\":\"SearchAction\",\"target\":{\"@type\":\"EntryPoint\",\"urlTemplate\":\"https:\/\/old.immamestre.com\/?s={search_term_string}\"},\"query-input\":{\"@type\":\"PropertyValueSpecification\",\"valueRequired\":true,\"valueName\":\"search_term_string\"}}],\"inLanguage\":\"es\"},{\"@type\":[\"Person\",\"Organization\"],\"@id\":\"https:\/\/old.immamestre.com\/#\/schema\/person\/f649c9039586af566b698906bc9da076\",\"name\":\"Imma Mestre\",\"image\":{\"@type\":\"ImageObject\",\"inLanguage\":\"es\",\"@id\":\"https:\/\/old.immamestre.com\/#\/schema\/person\/image\/\",\"url\":\"https:\/\/secure.gravatar.com\/avatar\/fe9530742331fb8e4cb4de875d82303426947d472e41eb783b6dc62694aa6aff?s=96&d=mm&r=g\",\"contentUrl\":\"https:\/\/secure.gravatar.com\/avatar\/fe9530742331fb8e4cb4de875d82303426947d472e41eb783b6dc62694aa6aff?s=96&d=mm&r=g\",\"caption\":\"Imma Mestre\"},\"logo\":{\"@id\":\"https:\/\/old.immamestre.com\/#\/schema\/person\/image\/\"},\"description\":\"Hola soy Imma. Ilustradora. Hablo a trav\u00e9s de ilustraciones. Dame un l\u00e1piz y pinto tu mundo con historias ilustradas que te har\u00e1n despuntar.\",\"sameAs\":[\"https:\/\/www.immamestre.com\"]}]}<\/script>\n<!-- \/ Yoast SEO plugin. -->","yoast_head_json":{"title":"Servicios - Imma Mestre | Ilustraci\u00f3n","robots":{"index":"index","follow":"follow","max-snippet":"max-snippet:-1","max-image-preview":"max-image-preview:large","max-video-preview":"max-video-preview:-1"},"canonical":"https:\/\/old.immamestre.com\/servicios\/","og_locale":"es_ES","og_type":"article","og_title":"Servicios - Imma Mestre | Ilustraci\u00f3n","og_description":"\u00bfQu\u00e9 puedo hacer por t\u00ed? Aqu\u00ed puedes escoger de qu\u00e9 color pintar\u00e1s tu proyecto para conectar con tu p\u00fablico.\u00a0 Productos ilustrados. L\u00e1minas ilustradas con frases inspiradoras,\u00a0 dibujos con buen rollo y productos ilustrados que aportar\u00e1n la creatividad y autenticidad que est\u00e1s buscando.\u00bfHas pensado en darle vida a tu proyecto? Conecta con tu p\u00fablico a trav\u00e9s [&hellip;]","og_url":"https:\/\/old.immamestre.com\/servicios\/","og_site_name":"Imma Mestre | Ilustraci\u00f3n","article_modified_time":"2020-03-29T00:30:22+00:00","twitter_misc":{"Tiempo de lectura":"7 minutos"},"schema":{"@context":"https:\/\/schema.org","@graph":[{"@type":"WebPage","@id":"https:\/\/old.immamestre.com\/servicios\/","url":"https:\/\/old.immamestre.com\/servicios\/","name":"Servicios - Imma Mestre | Ilustraci\u00f3n","isPartOf":{"@id":"https:\/\/old.immamestre.com\/#website"},"datePublished":"2018-03-17T13:34:35+00:00","dateModified":"2020-03-29T00:30:22+00:00","breadcrumb":{"@id":"https:\/\/old.immamestre.com\/servicios\/#breadcrumb"},"inLanguage":"es","potentialAction":[{"@type":"ReadAction","target":["https:\/\/old.immamestre.com\/servicios\/"]}]},{"@type":"BreadcrumbList","@id":"https:\/\/old.immamestre.com\/servicios\/#breadcrumb","itemListElement":[{"@type":"ListItem","position":1,"name":"Home","item":"https:\/\/old.immamestre.com\/"},{"@type":"ListItem","position":2,"name":"Servicios"}]},{"@type":"WebSite","@id":"https:\/\/old.immamestre.com\/#website","url":"https:\/\/old.immamestre.com\/","name":"Imma Mestre | Ilustraci\u00f3n","description":"ilustraci\u00f3n","publisher":{"@id":"https:\/\/old.immamestre.com\/#\/schema\/person\/f649c9039586af566b698906bc9da076"},"potentialAction":[{"@type":"SearchAction","target":{"@type":"EntryPoint","urlTemplate":"https:\/\/old.immamestre.com\/?s={search_term_string}"},"query-input":{"@type":"PropertyValueSpecification","valueRequired":true,"valueName":"search_term_string"}}],"inLanguage":"es"},{"@type":["Person","Organization"],"@id":"https:\/\/old.immamestre.com\/#\/schema\/person\/f649c9039586af566b698906bc9da076","name":"Imma Mestre","image":{"@type":"ImageObject","inLanguage":"es","@id":"https:\/\/old.immamestre.com\/#\/schema\/person\/image\/","url":"https:\/\/secure.gravatar.com\/avatar\/fe9530742331fb8e4cb4de875d82303426947d472e41eb783b6dc62694aa6aff?s=96&d=mm&r=g","contentUrl":"https:\/\/secure.gravatar.com\/avatar\/fe9530742331fb8e4cb4de875d82303426947d472e41eb783b6dc62694aa6aff?s=96&d=mm&r=g","caption":"Imma Mestre"},"logo":{"@id":"https:\/\/old.immamestre.com\/#\/schema\/person\/image\/"},"description":"Hola soy Imma. Ilustradora. Hablo a trav\u00e9s de ilustraciones. Dame un l\u00e1piz y pinto tu mundo con historias ilustradas que te har\u00e1n despuntar.","sameAs":["https:\/\/www.immamestre.com"]}]}},"_links":{"self":[{"href":"https:\/\/old.immamestre.com\/es\/wp-json\/wp\/v2\/pages\/8393","targetHints":{"allow":["GET"]}}],"collection":[{"href":"https:\/\/old.immamestre.com\/es\/wp-json\/wp\/v2\/pages"}],"about":[{"href":"https:\/\/old.immamestre.com\/es\/wp-json\/wp\/v2\/types\/page"}],"author":[{"embeddable":true,"href":"https:\/\/old.immamestre.com\/es\/wp-json\/wp\/v2\/users\/1"}],"replies":[{"embeddable":true,"href":"https:\/\/old.immamestre.com\/es\/wp-json\/wp\/v2\/comments?post=8393"}],"version-history":[{"count":40,"href":"https:\/\/old.immamestre.com\/es\/wp-json\/wp\/v2\/pages\/8393\/revisions"}],"predecessor-version":[{"id":12161,"href":"https:\/\/old.immamestre.com\/es\/wp-json\/wp\/v2\/pages\/8393\/revisions\/12161"}],"wp:attachment":[{"href":"https:\/\/old.immamestre.com\/es\/wp-json\/wp\/v2\/media?parent=8393"}],"curies":[{"name":"wp","href":"https:\/\/api.w.org\/{rel}","templated":true}]}}